{"id":8,"date":"2017-12-26T07:59:28","date_gmt":"2017-12-26T07:59:28","guid":{"rendered":"http:\/\/annas-blattgold.com\/?page_id=8"},"modified":"2019-03-22T12:05:49","modified_gmt":"2019-03-22T12:05:49","slug":"vegan-basics","status":"publish","type":"page","link":"https:\/\/annas-blattgold.com\/de\/vegan-basics\/","title":{"rendered":"Grundlagen"},"content":{"rendered":"<p>[vc_row full_width=&#8220;stretch_row&#8220; el_class=&#8220;page_genral_bnr&#8220; css=&#8220;.vc_custom_1517469176560{margin-bottom: 70px !important;background-image: url(https:\/\/annas-blattgold.com\/wp-content\/uploads\/2017\/12\/ftr_bg_new.jpg?id=765) !important;background-position: center !important;background-repeat: no-repeat !important;background-size: cover !important;}&#8220;][vc_column][vc_row_inner][vc_column_inner][vc_custom_heading text=&#8220;Grundlagen&#8220; font_container=&#8220;tag:h1|font_size:60px|text_align:center|color:%23ffffff&#8220; use_theme_fonts=&#8220;yes&#8220; el_class=&#8220;page-title&#8220;][\/vc_column_inner][\/vc_row_inner][vc_row_inner el_class=&#8220; banner-link&#8220; css=&#8220;.vc_custom_1517469023680{margin-top: 15px !important;margin-bottom: 20px !important;}&#8220;][vc_column_inner width=&#8220;1\/4&#8243;][vc_column_text css=&#8220;.vc_custom_1517469032323{margin-bottom: 0px !important;}&#8220;]<\/p>\n<p style=\"text-align: center;\"><a href=\"https:\/\/annas-blattgold.com\/basics\/ingredients\/\">Zutaten<\/a><\/p>\n<p>[\/vc_column_text][\/vc_column_inner][vc_column_inner width=&#8220;1\/4&#8243;][vc_column_text css=&#8220;.vc_custom_1517469039818{margin-bottom: 0px !important;}&#8220;]<\/p>\n<p style=\"text-align: center;\"><a href=\"https:\/\/annas-blattgold.com\/basics\/well-nourished\/\">Gut versorgt?!<\/a><\/p>\n<p>[\/vc_column_text][\/vc_column_inner][vc_column_inner width=&#8220;1\/4&#8243;][vc_column_text css=&#8220;.vc_custom_1517469061394{margin-bottom: 0px !important;}&#8220;]<\/p>\n<p style=\"text-align: center;\"><a href=\"https:\/\/annas-blattgold.com\/basics\/methods\/\">Methoden<\/a><\/p>\n<p>[\/vc_column_text][\/vc_column_inner][vc_column_inner width=&#8220;1\/4&#8243;][vc_column_text css=&#8220;.vc_custom_1517469056506{margin-bottom: 0px !important;}&#8220;]<\/p>\n<p style=\"text-align: center;\"><a href=\"https:\/\/annas-blattgold.com\/de\/basics\/deutsch-gerate\/\">Ger\u00e4te<\/a><\/p>\n<p>[\/vc_column_text][\/vc_column_inner][\/vc_row_inner][\/vc_column][\/vc_row][vc_row css=&#8220;.vc_custom_1517469307928{margin-top: 0px !important;margin-bottom: 0px !important;background-color: #f0f0f0 !important;}&#8220;][vc_column width=&#8220;1\/2&#8243;][vc_single_image image=&#8220;76&#8243; img_size=&#8220;full&#8220;][\/vc_column][vc_column width=&#8220;1\/2&#8243; el_class=&#8220;welcome-section about-section&#8220;][vc_column_text]<\/p>\n<div id=\"comp-iockcw21inlineContent\" class=\"c2inlineContent\">\n<div id=\"comp-iockcw2g\" class=\"txtNew\">\n<p class=\"font_8\">In diesem Abschnitt m\u00f6chte ich Euch etwas \u00fcber meine liebsten und wichtigsten veganen Zutaten verraten.\u00a0Es ist so spannend und hilfreich, zu wissen,\u00a0was unser Essen alles leisten kann.<\/p>\n<p class=\"font_8\">Au\u00dferdem werde ich Euch die wichtigsten Ger\u00e4te in meiner K\u00fcche vorstellen und ein paar grundlegende Techniken erkl\u00e4ren, die in vielen veganen Rezepten vorkommen. Dazu geh\u00f6ren auch das Ankeimen, Einweichen und Fermentieren &#8211; klingt alles ein wenig nach Hexenk\u00fcche, aber macht dadurch gleich nochmal so viel Spa\u00df!<\/p>\n<\/div>\n<\/div>\n<p>[\/vc_column_text][\/vc_column][\/vc_row]<\/p>","protected":false},"excerpt":{"rendered":"<p>[vc_row full_width=&#8220;stretch_row&#8220; el_class=&#8220;page_genral_bnr&#8220; css=&#8220;.vc_custom_1517469176560{margin-bottom: 70px !important;background-image: url(https:\/\/annas-blattgold.com\/wp-content\/uploads\/2017\/12\/ftr_bg_new.jpg?id=765) !important;background-position: center !important;background-repeat: no-repeat !important;background-size: cover !important;}&#8220;][vc_column][vc_row_inner][vc_column_inner][vc_custom_heading text=&#8220;Grundlagen&#8220; font_container=&#8220;tag:h1|font_size:60px|text_align:center|color:%23ffffff&#8220; use_theme_fonts=&#8220;yes&#8220; el_class=&#8220;page-title&#8220;][\/vc_column_inner][\/vc_row_inner][vc_row_inner el_class=&#8220; banner-link&#8220; css=&#8220;.vc_custom_1517469023680{margin-top: 15px !important;margin-bottom: 20px !important;}&#8220;][vc_column_inner width=&#8220;1\/4&#8243;][vc_column_text css=&#8220;.vc_custom_1517469032323{margin-bottom: 0px !important;}&#8220;] Zutaten [\/vc_column_text][\/vc_column_inner][vc_column_inner width=&#8220;1\/4&#8243;][vc_column_text css=&#8220;.vc_custom_1517469039818{margin-bottom: 0px !important;}&#8220;] Gut versorgt?! [\/vc_column_text][\/vc_column_inner][vc_column_inner width=&#8220;1\/4&#8243;][vc_column_text css=&#8220;.vc_custom_1517469061394{margin-bottom: 0px !important;}&#8220;] Methoden [\/vc_column_text][\/vc_column_inner][vc_column_inner width=&#8220;1\/4&#8243;][vc_column_text css=&#8220;.vc_custom_1517469056506{margin-bottom: 0px !important;}&#8220;] Ger\u00e4te [\/vc_column_text][\/vc_column_inner][\/vc_row_inner][\/vc_column][\/vc_row][vc_row css=&#8220;.vc_custom_1517469307928{margin-top: 0px !important;margin-bottom: 0px !important;background-color: &hellip; <a href=\"https:\/\/annas-blattgold.com\/de\/vegan-basics\/\" class=\"more-link\">Continue reading<span class=\"screen-reader-text\"> &#8222;Grundlagen&#8220;<\/span><\/a><\/p>\n","protected":false},"author":1,"featured_media":0,"parent":0,"menu_order":0,"comment_status":"open","ping_status":"closed","template":"","meta":[],"_links":{"self":[{"href":"https:\/\/annas-blattgold.com\/de\/wp-json\/wp\/v2\/pages\/8"}],"collection":[{"href":"https:\/\/annas-blattgold.com\/de\/wp-json\/wp\/v2\/pages"}],"about":[{"href":"https:\/\/annas-blattgold.com\/de\/wp-json\/wp\/v2\/types\/page"}],"author":[{"embeddable":true,"href":"https:\/\/annas-blattgold.com\/de\/wp-json\/wp\/v2\/users\/1"}],"replies":[{"embeddable":true,"href":"https:\/\/annas-blattgold.com\/de\/wp-json\/wp\/v2\/comments?post=8"}],"version-history":[{"count":24,"href":"https:\/\/annas-blattgold.com\/de\/wp-json\/wp\/v2\/pages\/8\/revisions"}],"predecessor-version":[{"id":1265,"href":"https:\/\/annas-blattgold.com\/de\/wp-json\/wp\/v2\/pages\/8\/revisions\/1265"}],"wp:attachment":[{"href":"https:\/\/annas-blattgold.com\/de\/wp-json\/wp\/v2\/media?parent=8"}],"curies":[{"name":"wp","href":"https:\/\/api.w.org\/{rel}","templated":true}]}}