{"id":6,"date":"2017-12-26T07:59:13","date_gmt":"2017-12-26T07:59:13","guid":{"rendered":"http:\/\/annas-blattgold.com\/?page_id=6"},"modified":"2019-03-25T14:07:27","modified_gmt":"2019-03-25T14:07:27","slug":"about","status":"publish","type":"page","link":"https:\/\/annas-blattgold.com\/de\/about\/","title":{"rendered":"\u00dcber Blattgold"},"content":{"rendered":"<p>[vc_row full_width=&#8220;stretch_row&#8220; css=&#8220;.vc_custom_1517467484268{margin-bottom: 70px !important;background-image: url(https:\/\/annas-blattgold.com\/wp-content\/uploads\/2017\/12\/ftr_bg_new.jpg?id=765) !important;background-position: center !important;background-repeat: no-repeat !important;background-size: cover !important;}&#8220; el_class=&#8220;page_genral_bnr&#8220;][vc_column][vc_row_inner][vc_column_inner][vc_custom_heading text=&#8220;\u00dcber Blattgold&#8220; font_container=&#8220;tag:h1|font_size:60px|text_align:center|color:%23ffffff&#8220; use_theme_fonts=&#8220;yes&#8220; el_class=&#8220;page-title&#8220;][\/vc_column_inner][\/vc_row_inner][vc_row_inner el_class=&#8220; banner-link&#8220; css=&#8220;.vc_custom_1517466457419{margin-top: 15px !important;margin-bottom: 20px !important;}&#8220;][vc_column_inner width=&#8220;1\/3&#8243;][vc_column_text css=&#8220;.vc_custom_1517463655816{margin-bottom: 0px !important;}&#8220;]<\/p>\n<p style=\"text-align: right;\"><a href=\"https:\/\/annas-blattgold.com\/about\/why-go-vegan\/\">Warum vegan<\/a><\/p>\n<p>[\/vc_column_text][\/vc_column_inner][vc_column_inner width=&#8220;1\/3&#8243;][vc_column_text css=&#8220;.vc_custom_1553522844646{margin-bottom: 0px !important;}&#8220;]<\/p>\n<p style=\"text-align: center;\"><a href=\"https:\/\/annas-blattgold.com\/about\/vegan-for-kids\/\">vegan f\u00fcr Kinder<\/a><\/p>\n<p>[\/vc_column_text][\/vc_column_inner][vc_column_inner width=&#8220;1\/3&#8243;][vc_column_text css=&#8220;.vc_custom_1517463674200{margin-bottom: 0px !important;}&#8220;]<a href=\"https:\/\/annas-blattgold.com\/about\/beginners-guide\/\">Tipps f\u00fcr den Anfang<\/a>[\/vc_column_text][\/vc_column_inner][\/vc_row_inner][\/vc_column][\/vc_row][vc_row css=&#8220;.vc_custom_1514360034546{margin-bottom: 50px !important;background-color: #f0f0f0 !important;}&#8220;][vc_column width=&#8220;1\/2&#8243;][vc_single_image image=&#8220;63&#8243; img_size=&#8220;full&#8220; alignment=&#8220;center&#8220;][\/vc_column][vc_column width=&#8220;1\/2&#8243; el_class=&#8220;welcome-section about-section&#8220;][vc_column_text]<\/p>\n<div id=\"comp-isben0bp\" class=\"txtNew\">\n<h3 class=\"font_6\">Willkommen bei Blattgold<\/h3>\n<p class=\"font_8\">Essen macht gl\u00fccklich!<\/p>\n<p class=\"font_8\">Auf Blattgold m\u00f6chte ich Euch Tipps und Rezepte f\u00fcr eine zuckerfreie, k\u00f6stlich vegane Ern\u00e4hrung geben, die auch bei den Kleinsten gut ankommt. Hochverarbeitete Ersatzprodukte, R\u00fcben- oder Rohrzucker, Weizen und Soja findet Ihr bei mir nicht.<\/p>\n<p class=\"font_8\">Ich bin Anna, Kommunikations- und Medienwissenschaftlerin, Grafikerin, Mutter von drei Fressraupen, Veganerin, leidenschaftliche K\u00f6chin, Wildkr\u00e4uterfan, Food Bloggerin und Ern\u00e4hrungsberaterin in Berlin.<\/p>\n<p class=\"font_8\">Ich komme aus Berlin, doch 2016 bin ich mit meiner Familie in die idyllischen Cotswolds in Mittelengland gezogen. Eine kreative Auszeit, in der ich mich ganz dem Mixen, veganen Kochen, Backen und Dehydrieren gewidmet habe. Inspiriert von der Ruhe des Landlebens, aber auch von der schlichten Notwendigkeit (viele unserer Lieblingsprodukte aus Deutschland sind hier nicht zu bekommen), sind dort unz\u00e4hlige neue K\u00f6stlichkeiten entstanden. Die Geburtsstunde von Blattgold!<\/p>\n<p class=\"font_8\">Wenn Ihr also nach gesunden und leichten veganen Gerichten sucht, von denen Ihr nicht genug kriegen k\u00f6nnt: Hier seid Ihr (blatt)gold richtig! Inzwischen lebe ich wieder in Berlin und teile meine Erfahrungen neben dem Blog auch in\u00a0 <a href=\"https:\/\/annas-blattgold.com\/de\/course\/\">veganen Kochkursen<\/a> zu verschiedensten Ern\u00e4hrungsthemen wie etwa \u201eZuckerfrei Leben\u201c mit Euch.<\/p>\n<\/div>\n<p>[\/vc_column_text][\/vc_column][\/vc_row][vc_row css=&#8220;.vc_custom_1514360328557{margin-bottom: 50px !important;background-color: #f0f0f0 !important;}&#8220;][vc_column width=&#8220;1\/2&#8243; el_class=&#8220;welcome-section about-section&#8220;][vc_column_text]<\/p>\n<div id=\"comp-isben0bp\" class=\"txtNew\">\n<p>Meine veganen <a href=\"https:\/\/annas-blattgold.com\/recipes\/\">Rezepte<\/a> sind gr\u00f6\u00dftenteils so angelegt, dass man sie gut und schnell auch f\u00fcr Kinder kochen kann. Und so, dass Kinder sie dann auch essen! Wie genau das geht, verrate ich <a href=\"https:\/\/annas-blattgold.com\/about\/489-2\/\" target=\"_self\" rel=\"noopener noreferrer\">hier<\/a>.<\/p>\n<p class=\"font_8\">Au\u00dferdem m\u00f6chte ich auch einige <a href=\"https:\/\/annas-blattgold.com\/basics\/\">Grundlagen\u00a0<\/a>zusammentragen: In welchen veganen Zutaten steckt was? Womit kann man in einer zuckerfreien Ern\u00e4hrung gesund s\u00fc\u00dfen? Welche Ger\u00e4te lohnen sich? Warum sollte man N\u00fcsse einweichen? Wie mache ich mein eigenes Mehl? Wie komme ich an gen\u00fcgend Eiwei\u00df? Und was ist mit Vitamin B12? Diese Infos sind nat\u00fcrlich alle nicht neu. Ich m\u00f6chte sie aber an einem Ort b\u00fcndeln, damit man immer wieder schnell nachschlagen kann.<\/p>\n<\/div>\n<p>[\/vc_column_text][\/vc_column][vc_column width=&#8220;1\/2&#8243; el_class=&#8220;welcome-section about-section&#8220;][vc_single_image image=&#8220;70&#8243; img_size=&#8220;full&#8220; alignment=&#8220;center&#8220; onclick=&#8220;custom_link&#8220; img_link_target=&#8220;_blank&#8220; link=&#8220;https:\/\/annas-blattgold.com\/linsennudeln-in-cremiger-tomatensose-lentil-pasta-in-creamy-tomato-sauce\/&#8220;][\/vc_column][\/vc_row][vc_row css=&#8220;.vc_custom_1514360034546{margin-bottom: 50px !important;background-color: #f0f0f0 !important;}&#8220;][vc_column width=&#8220;1\/2&#8243;][vc_single_image image=&#8220;72&#8243; img_size=&#8220;full&#8220; alignment=&#8220;center&#8220;][\/vc_column][vc_column width=&#8220;1\/2&#8243; el_class=&#8220;welcome-section about-section&#8220;][vc_column_text]<\/p>\n<div id=\"comp-isben0cv\" class=\"txtNew\">\n<p class=\"font_8\">F\u00fcr die regelm\u00e4\u00dfig auftauchenden sorgenerf\u00fcllten Gespr\u00e4che mit Verwandten, besonders wenn es um vegane Ern\u00e4hrung von Kindern geht, hat man dann schnell alle Argumente parat.<\/p>\n<p>Aus dem gleichen Grund m\u00f6chte ich auch <a href=\"https:\/\/annas-blattgold.com\/about\/why-go-vegan\/\">hier<\/a> noch einen \u00dcberblick \u00fcber die besten Gr\u00fcnde f\u00fcr eine pflanzliche Ern\u00e4hrung geben.<\/p>\n<\/div>\n<div>\n<p class=\"font_8\">So, nun aber los! Viel Spa\u00df beim St\u00f6bern. Ich freu mich auf Eure Ideen und Kommentare!<\/p>\n<\/div>\n<p>[\/vc_column_text][\/vc_column][\/vc_row]<\/p>","protected":false},"excerpt":{"rendered":"<p>[vc_row full_width=&#8220;stretch_row&#8220; css=&#8220;.vc_custom_1517467484268{margin-bottom: 70px !important;background-image: url(https:\/\/annas-blattgold.com\/wp-content\/uploads\/2017\/12\/ftr_bg_new.jpg?id=765) !important;background-position: center !important;background-repeat: no-repeat !important;background-size: cover !important;}&#8220; el_class=&#8220;page_genral_bnr&#8220;][vc_column][vc_row_inner][vc_column_inner][vc_custom_heading text=&#8220;\u00dcber Blattgold&#8220; font_container=&#8220;tag:h1|font_size:60px|text_align:center|color:%23ffffff&#8220; use_theme_fonts=&#8220;yes&#8220; el_class=&#8220;page-title&#8220;][\/vc_column_inner][\/vc_row_inner][vc_row_inner el_class=&#8220; banner-link&#8220; css=&#8220;.vc_custom_1517466457419{margin-top: 15px !important;margin-bottom: 20px !important;}&#8220;][vc_column_inner width=&#8220;1\/3&#8243;][vc_column_text css=&#8220;.vc_custom_1517463655816{margin-bottom: 0px !important;}&#8220;] Warum vegan [\/vc_column_text][\/vc_column_inner][vc_column_inner width=&#8220;1\/3&#8243;][vc_column_text css=&#8220;.vc_custom_1553522844646{margin-bottom: 0px !important;}&#8220;] vegan f\u00fcr Kinder [\/vc_column_text][\/vc_column_inner][vc_column_inner width=&#8220;1\/3&#8243;][vc_column_text css=&#8220;.vc_custom_1517463674200{margin-bottom: 0px !important;}&#8220;]Tipps f\u00fcr den Anfang[\/vc_column_text][\/vc_column_inner][\/vc_row_inner][\/vc_column][\/vc_row][vc_row css=&#8220;.vc_custom_1514360034546{margin-bottom: 50px !important;background-color: #f0f0f0 !important;}&#8220;][vc_column width=&#8220;1\/2&#8243;][vc_single_image image=&#8220;63&#8243; &hellip; <a href=\"https:\/\/annas-blattgold.com\/de\/about\/\" class=\"more-link\">Continue reading<span class=\"screen-reader-text\"> &#8222;\u00dcber Blattgold&#8220;<\/span><\/a><\/p>\n","protected":false},"author":1,"featured_media":0,"parent":0,"menu_order":0,"comment_status":"open","ping_status":"closed","template":"","meta":[],"_links":{"self":[{"href":"https:\/\/annas-blattgold.com\/de\/wp-json\/wp\/v2\/pages\/6"}],"collection":[{"href":"https:\/\/annas-blattgold.com\/de\/wp-json\/wp\/v2\/pages"}],"about":[{"href":"https:\/\/annas-blattgold.com\/de\/wp-json\/wp\/v2\/types\/page"}],"author":[{"embeddable":true,"href":"https:\/\/annas-blattgold.com\/de\/wp-json\/wp\/v2\/users\/1"}],"replies":[{"embeddable":true,"href":"https:\/\/annas-blattgold.com\/de\/wp-json\/wp\/v2\/comments?post=6"}],"version-history":[{"count":66,"href":"https:\/\/annas-blattgold.com\/de\/wp-json\/wp\/v2\/pages\/6\/revisions"}],"predecessor-version":[{"id":1267,"href":"https:\/\/annas-blattgold.com\/de\/wp-json\/wp\/v2\/pages\/6\/revisions\/1267"}],"wp:attachment":[{"href":"https:\/\/annas-blattgold.com\/de\/wp-json\/wp\/v2\/media?parent=6"}],"curies":[{"name":"wp","href":"https:\/\/api.w.org\/{rel}","templated":true}]}}