{"id":523,"date":"2018-01-25T08:39:03","date_gmt":"2018-01-25T08:39:03","guid":{"rendered":"http:\/\/annas-blattgold.com\/?page_id=523"},"modified":"2019-12-13T09:47:10","modified_gmt":"2019-12-13T09:47:10","slug":"why-go-vegan","status":"publish","type":"page","link":"https:\/\/annas-blattgold.com\/de\/about\/why-go-vegan\/","title":{"rendered":"Warum vegan"},"content":{"rendered":"<p>[vc_row full_width=&#8220;stretch_row&#8220; css=&#8220;.vc_custom_1517468131553{margin-bottom: 70px !important;background-image: url(https:\/\/annas-blattgold.com\/wp-content\/uploads\/2017\/12\/ftr_bg_new.jpg?id=765) !important;background-position: center !important;background-repeat: no-repeat !important;background-size: cover !important;}&#8220; el_class=&#8220;page_genral_bnr&#8220;][vc_column][vc_row_inner][vc_column_inner][vc_custom_heading text=&#8220;\u00dcber Blattgold&#8220; font_container=&#8220;tag:h1|font_size:60px|text_align:center|color:%23ffffff&#8220; use_theme_fonts=&#8220;yes&#8220; el_class=&#8220;page-title&#8220;][\/vc_column_inner][\/vc_row_inner][vc_row_inner el_class=&#8220; banner-link&#8220; css=&#8220;.vc_custom_1517468451788{margin-top: 15px !important;margin-bottom: 20px !important;}&#8220;][vc_column_inner width=&#8220;1\/3&#8243;][vc_column_text css=&#8220;.vc_custom_1517464528458{margin-bottom: 0px !important;}&#8220;]<\/p>\n<p style=\"text-align: right;\"><a class=\"current_page_link\" href=\"https:\/\/annas-blattgold.com\/about\/why-go-vegan\/\">Warum vegan<\/a><\/p>\n<p>[\/vc_column_text][\/vc_column_inner][vc_column_inner width=&#8220;1\/3&#8243;][vc_column_text css=&#8220;.vc_custom_1517464537778{margin-bottom: 0px !important;}&#8220;]<\/p>\n<p style=\"text-align: center;\"><a href=\"https:\/\/annas-blattgold.com\/about\/489-2\/\">vegan f\u00fcr Kinder<\/a><\/p>\n<p>[\/vc_column_text][\/vc_column_inner][vc_column_inner width=&#8220;1\/3&#8243;][vc_column_text css=&#8220;.vc_custom_1517464547233{margin-bottom: 0px !important;}&#8220;]<a href=\"https:\/\/annas-blattgold.com\/about\/beginners-guide\/\">Tipps f\u00fcr den Anfang<\/a>[\/vc_column_text][\/vc_column_inner][\/vc_row_inner][\/vc_column][\/vc_row][vc_row css=&#8220;.vc_custom_1514360328557{margin-bottom: 50px !important;background-color: #f0f0f0 !important;}&#8220;][vc_column width=&#8220;1\/2&#8243;][vc_single_image image=&#8220;524&#8243; img_size=&#8220;full&#8220; alignment=&#8220;center&#8220;][\/vc_column][vc_column width=&#8220;1\/2&#8243; el_class=&#8220;welcome-section about-section page_general_section&#8220;][vc_column_text]<\/p>\n<h3>Warum Vegan leben?<\/h3>\n<p>Es gibt inzwischen diverse Studien (z.B. die China Study), die belegen, dass eine Ern\u00e4hrung, in der auf tierische Eiwei\u00dfe verzichtet wird, der Gesundheit ungemein zutr\u00e4glich ist. Zivilisationskrankheiten wie Diabetes, \u00dcbergewicht, Schlaganf\u00e4lle und sogar Krebs werden mit dem\u00a0Verzehr tierischer Eiwei\u00dfe in Verbindung gebracht. Zur vielfach ge\u00e4u\u00dferten Kritik an der genannten Studie ist dieser\u00a0<a href=\"https:\/\/www.facebook.com\/ruedigerdahlke.peacefood\/posts\/642501489099894\" target=\"_blank\" rel=\"noopener noreferrer\" data-content=\"https:\/\/www.facebook.com\/ruedigerdahlke.peacefood\/posts\/642501489099894\" data-type=\"external\">Kommentar<\/a>\u00a0von R\u00fcdiger Dahlke sehr interessant.<br \/>\nIm\u00a0<a href=\"http:\/\/www.forksoverknives.com\/the-film\/\" target=\"_blank\" rel=\"noopener noreferrer\" data-content=\"http:\/\/www.forksoverknives.com\/the-film\/\" data-type=\"external\">Film\u00a0<\/a><a href=\"http:\/\/www.forksoverknives.com\/the-film\/\" target=\"_blank\" rel=\"noopener noreferrer\" data-content=\"http:\/\/www.forksoverknives.com\/the-film\/\" data-type=\"external\">Forks over Knives<\/a>\u00a0werden die Zusammenh\u00e4nge auch sehr ausf\u00fchrlich und anschaulich dargestellt.[\/vc_column_text][\/vc_column][\/vc_row][vc_row css=&#8220;.vc_custom_1514360034546{margin-bottom: 50px !important;background-color: #f0f0f0 !important;}&#8220;][vc_column width=&#8220;1\/2&#8243; el_class=&#8220;welcome-section about-section page_general_section&#8220;][vc_column_text]<\/p>\n<h3>Abwechslungsreich vegan kochen<\/h3>\n<p>Gegenteilig der landl\u00e4ufigen Meinung &#8211; &#8222;dann kann man ja gar nichts mehr essen&#8220;- ern\u00e4hren Veganer sich oft wesentlich abwechslungsreicher und vielf\u00e4ltiger als Allesfresser. Eben weil sie bewusst auf ihre Nahrung achten und sich mit Lebensmitteln und Inhaltsstoffen auseinandersetzen.<\/p>\n<p>Zu einer Mangelern\u00e4hrung kommt es bei bewusstem veganen Essen nicht. Der einzige Stoff, der offenbar nicht in ausreichender Menge durch Pflanzen zur Verf\u00fcgung gestellt werden kann, ist Vitamin B12. Doch es ist leicht, diesen als Nahrungserg\u00e4nzungsmittel in eine ausgewogene vegane Ern\u00e4hrung zu integrieren. (Mehr zu pflanzlichen Quellen lebenswichtiger Stoffe\u00a0<a href=\"https:\/\/annas-blattgold.com\/basics\/well-nourished\/\" target=\"_self\" rel=\"noopener noreferrer\">hier<\/a>).<br \/>\nUnd im Gegensatz zu den vielen Medikamenten, die durch eine Fleisch- und Milch-basierte Ern\u00e4hrung notwendig werden k\u00f6nnen, ist das doch mit Abstand das kleinere und vor allem nebenwirkungsfreie \u00dcbel![\/vc_column_text][\/vc_column][vc_column width=&#8220;1\/2&#8243;][vc_single_image image=&#8220;525&#8243; img_size=&#8220;full&#8220; alignment=&#8220;center&#8220;][\/vc_column][\/vc_row][vc_row css=&#8220;.vc_custom_1514360328557{margin-bottom: 50px !important;background-color: #f0f0f0 !important;}&#8220;][vc_column width=&#8220;1\/2&#8243;][vc_video link=&#8220;https:\/\/youtu.be\/ao2GL3NAWQU&#8220; align=&#8220;center&#8220;][\/vc_column][vc_column width=&#8220;1\/2&#8243; el_class=&#8220;welcome-section about-section page_general_section&#8220;][vc_column_text]<\/p>\n<h3>Tierschutz<\/h3>\n<p>Der Tierschutz ist nat\u00fcrlich das offensichtlichste Argument. Und so abgegriffen dieses Argument auch erscheinen mag, ist es doch nicht von der Hand zu weisen, dass der momentane Umgang mit Lebewesen eine noch nie dagewesene industrialisierte und kommerzialisierte\u00a0 Grausamkeit darstellt.\u00a0W\u00fcrden wir uns ernsthaft damit auseinandersetzen, was in Milchbetrieben, Zucht- und Schlachtanlagen vor sich geht, w\u00e4ren wir schon einen gro\u00dfen Schritt weiter. Doch wir sind Meister des Verdr\u00e4ngens. Der Film von Dr. Melanie Joy veranschaulicht das sehr deutlich.[\/vc_column_text][\/vc_column][\/vc_row][vc_row css=&#8220;.vc_custom_1514360034546{margin-bottom: 50px !important;background-color: #f0f0f0 !important;}&#8220;][vc_column width=&#8220;1\/2&#8243; el_class=&#8220;welcome-section about-section page_general_section&#8220;][vc_column_text]<\/p>\n<h3>Umweltschutz<\/h3>\n<p class=\"font_8\">Ein achtsamer und bewusster Umgang mit unserer Tier- und Pflanzenwelt h\u00e4tte auch unglaublich positive Auswirkungen auf unsere Umwelt. Die Gro\u00dfseefischerei zerst\u00f6rt die Weltmeere, der Sojaanbau f\u00fcr die Futterherstellung (nicht f\u00fcr das Tofu der Veganer und Vegetarier) vernichtet Unmengen an Regenwald, f\u00fcr die Fleischproduktion werden Massen an Trinkwasser verbraucht. (<a href=\"https:\/\/www.youtube.com\/watch?v=qJb4oL2gIgY\" target=\"_blank\" rel=\"noopener noreferrer\" data-content=\"https:\/\/www.youtube.com\/watch?v=qJb4oL2gIgY\" data-type=\"external\">Hier<\/a>\u00a0sch\u00f6n von einem Fleischfresser zusammengefasst, oder etwas seri\u00f6ser von\u00a0<a href=\"https:\/\/www.youtube.com\/watch?v=hlGK95UIoo4\" target=\"_blank\" rel=\"noopener noreferrer\" data-content=\"https:\/\/www.youtube.com\/watch?v=hlGK95UIoo4\" data-type=\"external\">nano<\/a>)<\/p>\n<div id=\"comp-iocn0cqw\" class=\"txtNew\">\n<p class=\"font_8\">Das alles hat massive Auswirkungen auf unsere Umwelt und die Katastrohpen wie D\u00fcrre und \u00dcberschwemmungen\u00a0 machen besonders den \u00c4rmsten der Armen immer wieder zu schaffen.<\/p>\n<\/div>\n<p>[\/vc_column_text][\/vc_column][vc_column width=&#8220;1\/2&#8243;][vc_single_image image=&#8220;527&#8243; img_size=&#8220;full&#8220; alignment=&#8220;center&#8220;][\/vc_column][\/vc_row][vc_row css=&#8220;.vc_custom_1516869775143{margin-bottom: 25px !important;background-color: #f0f0f0 !important;}&#8220;][vc_column width=&#8220;1\/2&#8243;][vc_single_image image=&#8220;528&#8243; img_size=&#8220;full&#8220; alignment=&#8220;center&#8220;][\/vc_column][vc_column width=&#8220;1\/2&#8243; el_class=&#8220;welcome-section about-section page_general_section&#8220;][vc_column_text]<\/p>\n<h3>Hoffnung f\u00fcr alle<\/h3>\n<p>Di ARt wie wir in der westlichen Welt leben und essen, verursacht weltweit viele humanit\u00e4re Katastrophen und verst\u00e4rkt vor allem auch das Welthungerproblem.<br \/>\nLaut dem\u00a0<a href=\"http:\/\/de.wfp.org\/hunger\/hunger-statistik\" target=\"_blank\" rel=\"noopener noreferrer\" data-content=\"http:\/\/de.wfp.org\/hunger\/hunger-statistik\" data-type=\"external\">World Food Programme<\/a>\u00a0der UN sterben j\u00e4hrlich \u00fcber 3 Millionen Kinder an Hunger!<br \/>\n3! Millionen! Das ist so unvorstellbar bei unserem Reichtum und \u00dcberfluss. Aber genau darin liegt der Grund.<br \/>\nIn der globalisierten Lebensmittelindustrie hungern heute sogar Menschen in L\u00e4ndern, die gro\u00dfe Agrarexporteure sind, wie z.B. Brasilien. Dort wird auf riesigen ehemaligen Urwaldfl\u00e4chen Soja f\u00fcr unsere westliche Futtermittelproduktion angebaut. Somit hat das Land kaum Ackerfl\u00e4che f\u00fcr den eigenen Bedarf. Ein t\u00f6dlicher Kreislauf, den Lebensmittelspekulationen, genmanipulierte Monopolisten wie Mon Santo und unfaire Handelsbedingungen weiter befeuern.<br \/>\nAber es gibt auch Anlass zur Hoffung. Denn wenn man ein Problem angeht, beginnt der ganze Kreislauf, sich aufzul\u00f6sen. Vegan zu essen und zu leben reicht allein allerdings nicht. Doch wenn es auf &#8222;Bio&#8220; und &#8222;Fair&#8220; trifft, entsteht ein kraftvolles Trio, das wirklich etwas ver\u00e4ndern kann.<br \/>\n<a href=\"https:\/\/www.youtube.com\/watch?v=NiKL0FicVzw\" target=\"_blank\" rel=\"noopener noreferrer\" data-content=\"https:\/\/www.youtube.com\/watch?v=NiKL0FicVzw\" data-type=\"external\">Hope for all<\/a>\u00a0&amp;\u00a0<a href=\"https:\/\/www.youtube.com\/watch?v=41mi9igl5Kk\" target=\"_blank\" rel=\"noopener noreferrer\" data-content=\"https:\/\/www.youtube.com\/watch?v=41mi9igl5Kk\" data-type=\"external\">We feed the world<\/a>\u00a0sind zwei gro\u00dfartige Filme, in denen diese globalen Zusammenh\u00e4nge weiter erl\u00e4utert werden. Einen guten \u00dcberblick bietet auch diese\u00a0<a href=\"http:\/\/www.provegan.info\/\" target=\"_blank\" rel=\"noopener noreferrer\" data-content=\"http:\/\/www.provegan.info\/\" data-type=\"external\">Seite<\/a>.[\/vc_column_text][\/vc_column][\/vc_row]<\/p>","protected":false},"excerpt":{"rendered":"<p>[vc_row full_width=&#8220;stretch_row&#8220; css=&#8220;.vc_custom_1517468131553{margin-bottom: 70px !important;background-image: url(https:\/\/annas-blattgold.com\/wp-content\/uploads\/2017\/12\/ftr_bg_new.jpg?id=765) !important;background-position: center !important;background-repeat: no-repeat !important;background-size: cover !important;}&#8220; el_class=&#8220;page_genral_bnr&#8220;][vc_column][vc_row_inner][vc_column_inner][vc_custom_heading text=&#8220;\u00dcber Blattgold&#8220; font_container=&#8220;tag:h1|font_size:60px|text_align:center|color:%23ffffff&#8220; use_theme_fonts=&#8220;yes&#8220; el_class=&#8220;page-title&#8220;][\/vc_column_inner][\/vc_row_inner][vc_row_inner el_class=&#8220; banner-link&#8220; css=&#8220;.vc_custom_1517468451788{margin-top: 15px !important;margin-bottom: 20px !important;}&#8220;][vc_column_inner width=&#8220;1\/3&#8243;][vc_column_text css=&#8220;.vc_custom_1517464528458{margin-bottom: 0px !important;}&#8220;] Warum vegan [\/vc_column_text][\/vc_column_inner][vc_column_inner width=&#8220;1\/3&#8243;][vc_column_text css=&#8220;.vc_custom_1517464537778{margin-bottom: 0px !important;}&#8220;] vegan f\u00fcr Kinder [\/vc_column_text][\/vc_column_inner][vc_column_inner width=&#8220;1\/3&#8243;][vc_column_text css=&#8220;.vc_custom_1517464547233{margin-bottom: 0px !important;}&#8220;]Tipps f\u00fcr den Anfang[\/vc_column_text][\/vc_column_inner][\/vc_row_inner][\/vc_column][\/vc_row][vc_row css=&#8220;.vc_custom_1514360328557{margin-bottom: 50px !important;background-color: #f0f0f0 !important;}&#8220;][vc_column width=&#8220;1\/2&#8243;][vc_single_image image=&#8220;524&#8243; &hellip; <a href=\"https:\/\/annas-blattgold.com\/de\/about\/why-go-vegan\/\" class=\"more-link\">Continue reading<span class=\"screen-reader-text\"> &#8222;Warum vegan&#8220;<\/span><\/a><\/p>\n","protected":false},"author":1,"featured_media":0,"parent":6,"menu_order":0,"comment_status":"open","ping_status":"closed","template":"","meta":[],"_links":{"self":[{"href":"https:\/\/annas-blattgold.com\/de\/wp-json\/wp\/v2\/pages\/523"}],"collection":[{"href":"https:\/\/annas-blattgold.com\/de\/wp-json\/wp\/v2\/pages"}],"about":[{"href":"https:\/\/annas-blattgold.com\/de\/wp-json\/wp\/v2\/types\/page"}],"author":[{"embeddable":true,"href":"https:\/\/annas-blattgold.com\/de\/wp-json\/wp\/v2\/users\/1"}],"replies":[{"embeddable":true,"href":"https:\/\/annas-blattgold.com\/de\/wp-json\/wp\/v2\/comments?post=523"}],"version-history":[{"count":32,"href":"https:\/\/annas-blattgold.com\/de\/wp-json\/wp\/v2\/pages\/523\/revisions"}],"predecessor-version":[{"id":1381,"href":"https:\/\/annas-blattgold.com\/de\/wp-json\/wp\/v2\/pages\/523\/revisions\/1381"}],"up":[{"embeddable":true,"href":"https:\/\/annas-blattgold.com\/de\/wp-json\/wp\/v2\/pages\/6"}],"wp:attachment":[{"href":"https:\/\/annas-blattgold.com\/de\/wp-json\/wp\/v2\/media?parent=523"}],"curies":[{"name":"wp","href":"https:\/\/api.w.org\/{rel}","templated":true}]}}