{"id":489,"date":"2018-01-25T06:27:19","date_gmt":"2018-01-25T06:27:19","guid":{"rendered":"http:\/\/annas-blattgold.com\/?page_id=489"},"modified":"2019-03-22T11:48:26","modified_gmt":"2019-03-22T11:48:26","slug":"vegan-for-kids","status":"publish","type":"page","link":"https:\/\/annas-blattgold.com\/de\/about\/vegan-for-kids\/","title":{"rendered":"vegan f\u00fcr Kinder"},"content":{"rendered":"<p>[vc_row full_width=&#8220;stretch_row&#8220; css=&#8220;.vc_custom_1517468574316{margin-bottom: 70px !important;background-image: url(https:\/\/annas-blattgold.com\/wp-content\/uploads\/2017\/12\/ftr_bg_new.jpg?id=765) !important;background-position: center !important;background-repeat: no-repeat !important;background-size: cover !important;}&#8220; el_class=&#8220;page_genral_bnr&#8220;][vc_column][vc_row_inner][vc_column_inner][vc_custom_heading text=&#8220;\u00dcber Blattgold&#8220; font_container=&#8220;tag:h1|font_size:60px|text_align:center|color:%23ffffff&#8220; use_theme_fonts=&#8220;yes&#8220; el_class=&#8220;page-title&#8220;][\/vc_column_inner][\/vc_row_inner][vc_row_inner el_class=&#8220; banner-link&#8220; css=&#8220;.vc_custom_1517468329629{margin-top: 15px !important;margin-bottom: 20px !important;}&#8220;][vc_column_inner width=&#8220;1\/3&#8243;][vc_column_text css=&#8220;.vc_custom_1517468299626{margin-bottom: 0px !important;}&#8220;]<\/p>\n<p style=\"text-align: right;\"><a href=\"https:\/\/annas-blattgold.com\/about\/why-go-vegan\/\">Warum vegan<\/a><\/p>\n<p>[\/vc_column_text][\/vc_column_inner][vc_column_inner width=&#8220;1\/3&#8243;][vc_column_text css=&#8220;.vc_custom_1517468308056{margin-bottom: 0px !important;}&#8220;]<\/p>\n<p style=\"text-align: center;\"><a class=\"current_page_link\" href=\"https:\/\/annas-blattgold.com\/about\/489-2\/\">vegan f\u00fcr Kinder<\/a><\/p>\n<p>[\/vc_column_text][\/vc_column_inner][vc_column_inner width=&#8220;1\/3&#8243;][vc_column_text css=&#8220;.vc_custom_1517468316616{margin-bottom: 0px !important;}&#8220;]<a href=\"https:\/\/annas-blattgold.com\/about\/beginners-guide\/\">Tipps f\u00fcr den Anfang<\/a>[\/vc_column_text][\/vc_column_inner][\/vc_row_inner][\/vc_column][\/vc_row][vc_row css=&#8220;.vc_custom_1514360034546{margin-bottom: 50px !important;background-color: #f0f0f0 !important;}&#8220;][vc_column width=&#8220;7\/12&#8243; el_class=&#8220;welcome-section about-section page_general_section&#8220;][vc_column_text]<\/p>\n<h3>Kinder an die Macht<\/h3>\n<p>Kinder sind die emphatischsten Wesen auf dieser Welt.<br \/>\nW\u00fcrden wir Kindern ernsthaft und ehrlich erkl\u00e4ren und vor allem zeigen, wie die Wurst auf ihr Brot kommt, w\u00fcrden sie es nicht anr\u00fchren.<br \/>\nWie k\u00f6nnen wir ihnen erkl\u00e4ren, dass wir Schweine, K\u00fche und H\u00fchner unglaublich qu\u00e4len, Hunde und Katze aber lieben und streicheln?<\/p>\n<p>Kinder verstehen das vegane Leben. Selbst meinem 2j\u00e4hrigen ist klar, dass Kuhmilch f\u00fcr Kuhbabys ist. Sie sind noch viel n\u00e4her dran am \u201eBaby-Sein\u201c, wissen, wie wichtig die Mutter ist. Sie verstehen nicht, warum man Tiere von ihrer Mutter trennt, nur damit wir an ihre Milch kommen.<\/p>\n<p>F\u00fcr meine Kinder ist das vegane und zuckerfreie Leben kein Verzicht. Sie haben so viele k\u00f6stliche, gesunde Alternativen. Und je mehr Menschen sich der Bewegung anschlie\u00dfen, desto leichter wird es die kommende Generation haben.<br \/>\nLasst uns von unseren Kindern lernen und die Welt mit ihrer Empathie betrachten. Das w\u00e4re sehr heilsam f\u00fcr uns alle!<\/p>\n<p style=\"text-align: center;\">\u200b<em>&#8222;This collective mindfulness can bring positive change to our families, organizations, communities, nations and future generations.&#8220;<\/em><\/p>\n<p style=\"text-align: right;\">Thich Nhat Hanh<\/p>\n<p>[\/vc_column_text][\/vc_column][vc_column width=&#8220;5\/12&#8243;][vc_single_image image=&#8220;493&#8243; img_size=&#8220;full&#8220; alignment=&#8220;center&#8220;][\/vc_column][\/vc_row][vc_row css=&#8220;.vc_custom_1514360328557{margin-bottom: 50px !important;background-color: #f0f0f0 !important;}&#8220;][vc_column width=&#8220;1\/2&#8243;][vc_single_image image=&#8220;497&#8243; img_size=&#8220;full&#8220; alignment=&#8220;center&#8220;][\/vc_column][vc_column width=&#8220;1\/2&#8243; el_class=&#8220;welcome-section about-section page_general_section&#8220;][vc_column_text]<\/p>\n<h3>Praktische Tipps<\/h3>\n<p>Tendenziell essen vegan lebende Kinder nat\u00fcrlich mehr Obst und Gem\u00fcse, da es meist nicht viele Alternativen auf dem Teller gibt.<br \/>\nTrotzdem sind es nat\u00fcrlich ganz normale Kinder, die\u00a0 Brot und Pasta lieben und rohen Salat eher meiden. Wie jeder Mensch haben sie Lieblingsgerichte und Abneigungen.<br \/>\nUm trotzdem immer die besten N\u00e4hrstoffe in sie \u201ehineinzubekommen\u201c, habe ich im Laufe der Zeit einige Tricks entwickelt:[\/vc_column_text][\/vc_column][\/vc_row][vc_row css=&#8220;.vc_custom_1514360034546{margin-bottom: 50px !important;background-color: #f0f0f0 !important;}&#8220;][vc_column width=&#8220;7\/12&#8243; el_class=&#8220;welcome-section about-section page_general_section&#8220;][vc_column_text]<\/p>\n<h4>Verstecken spielen!<\/h4>\n<p><a href=\"https:\/\/annas-blattgold.com\/de\/green-smoothie-grundrezept-basic-recipe\/\" target=\"_blank\" rel=\"noopener noreferrer\" data-content=\"https:\/\/www.annas-blattgold.com\/#!Grundrezept-Gr%C3%BCner-Smoothie\/c1k7g\/573ede920cf249a3b8a879f2\" data-type=\"external\">Gr\u00fcne Smoothies<\/a>\u00a0sind nat\u00fcrlich das ideale und naheliegendste Versteck. In meinen Rezepten findet Ihr einige Hinweise, wie ihr die Smoothies auf jeden Fall kindertauglich hinbekommt. Eure Kinder werden sie bald einfordern!<br \/>\nSie m\u00fcssen\u00a0auch\u00a0<a href=\"https:\/\/annas-blattgold.com\/de\/white-smoothie-blaubeer-acai-blueberry-acai\/\" target=\"_blank\" rel=\"noopener noreferrer\" data-content=\"https:\/\/www.annas-blattgold.com\/#!BlaubeerAcaiSmoothie-White-Smoothie\/c1k7g\/573edf270cf28f6d2bce5a59\" data-type=\"external\">nicht zwangsl\u00e4ufig gr\u00fcn<\/a>\u00a0sein und man kann trotzdem schon jede Menge \u201eGutes\u201c unterbringen. Oder Ihr nehmt eine undurchsichtige Flasche, in der die gemeine Farbe nicht zu erkennen ist.<\/p>\n<p>Aber auch vegane So\u00dfen eignen sich hervorragend, um ungeliebtes Gem\u00fcse zu verstecken. Mein Kleiner hat sich grad in den Kopf gesetzt, keine Zucchini mehr zu m\u00f6gen (fr\u00fcher hat er sie mir vom Teller geklaut!). Nichts leichter als das: Leicht angeschmorte Zucchini sind eine wunderbare Grundlage f\u00fcr eine\u00a0<a href=\"https:\/\/annas-blattgold.com\/suskartoffel-nudeln-sweet-potatoe-pasta\/\" target=\"_blank\" rel=\"noopener noreferrer\" data-content=\"https:\/\/www.annas-blattgold.com\/#!S%C3%BC%C3%9FkartoffelNudeln\/c1k7g\/573edb580cf28fa13af7e815\" data-type=\"external\">cremige und vegane So\u00dfe<\/a>. Die wird lecker gew\u00fcrzt und dann einfach schon direkt mit Reis\/ Nudeln\/\u2026 vermischt. Schwups, landen die Zucchini da, wo sie hingeh\u00f6ren: im Bauch.<\/p>\n<p>Mein drittes Lieblingsversteck ist Reis. Die Haltung meiner Kinder gegen\u00fcber Sprossen schwankt. Um Diskussionen zu vermeiden, r\u00fchre ich schon in der K\u00fcche eine gute Portion davon in den Reis hinein. Besonders Alfalfa sind darin kaum zu erkennen und schon gar nicht zu entfernen. Aber auch kleine Bohnensprossen k\u00f6nnen sich gut tarnen. Besonders, wenn dann noch die gr\u00fcne Zucchini- oder gelbe K\u00fcrbisso\u00dfe die Farben verschleiert\u2026 Schon ist der N\u00e4hrstoffgehalt des puren Reises um ein vielfaches erh\u00f6ht!<\/p>\n<p>Zucchini oder M\u00f6hrchen lassen sich auch gut in gesraspelter Form unterr\u00fchren \u2013 z.B. im geliebten veganen Kartoffelbrei. Dann sind sie sogar roh und noch nahrhafter! Und k\u00f6nnen nicht aussortiert werden. F\u00fcr Abends lassen sich die Raspeln auch leicht kurz anbraten und dann unterschummeln.<\/p>\n<p>Konkrete Verstecke findet Ihr (gar nicht gut vesteckt) in meinen veganen <a href=\"https:\/\/annas-blattgold.com\/de\/recipes\/\" target=\"_self\" rel=\"noopener noreferrer\">Rezepten<\/a>\u2026 viel Spa\u00df beim St\u00f6bern![\/vc_column_text][\/vc_column][vc_column width=&#8220;5\/12&#8243;][vc_single_image image=&#8220;504&#8243; img_size=&#8220;full&#8220; alignment=&#8220;center&#8220; onclick=&#8220;custom_link&#8220; link=&#8220;https:\/\/annas-blattgold.com\/green-smoothie-grundrezept-basic-recipe\/&#8220;][\/vc_column][\/vc_row][vc_row css=&#8220;.vc_custom_1514360328557{margin-bottom: 50px !important;background-color: #f0f0f0 !important;}&#8220;][vc_column width=&#8220;1\/2&#8243;][vc_single_image image=&#8220;505&#8243; img_size=&#8220;full&#8220; alignment=&#8220;center&#8220; onclick=&#8220;custom_link&#8220; link=&#8220;https:\/\/annas-blattgold.com\/zucchini-nudeln-mit-avokado-pesto-courgette-pasta-with-avocado-pesto\/&#8220;][\/vc_column][vc_column width=&#8220;1\/2&#8243; el_class=&#8220;welcome-section about-section page_general_section&#8220;][vc_column_text]<\/p>\n<h4>Lasst Euch helfen!<\/h4>\n<p>Auch wenn es manchmal stressig ist, die Kinder in der K\u00fcche zu haben und allein alles schneller und sauberer gehen w\u00fcrde: Lasst sie mithelfen. Sie lernen dabei nicht nur sehr viel, sondern essen alles nachher auch viel bereitwilliger. Die veganen Zucchininudeln, die sie selber gedreht haben. Oder den L\u00f6wenzahn, den sie in den Mixer werfen durften und der dem Smoothie den letzten N\u00e4hrstoffkick gibt. Oder aber den Lauch, den sie kleinschneiden durften und der nun nicht mehr aussortiert wird: Schlie\u00dflich hat man ihn selbst bearbeitet!<\/p>\n<p>Es schafft ein viel intensiveres Verh\u00e4ltnis zum Essen. Es kommt nicht aus der T\u00fcte, sondern man hat es erschaffen. Es ist kostbar. Und man nimmt sich Zeit und Ruhe, um es gen\u00fcsslich und vor allem stolz zu verspeisen![\/vc_column_text][\/vc_column][\/vc_row][vc_row css=&#8220;.vc_custom_1514360034546{margin-bottom: 50px !important;background-color: #f0f0f0 !important;}&#8220;][vc_column width=&#8220;1\/2&#8243; el_class=&#8220;welcome-section about-section page_general_section&#8220;][vc_column_text]<\/p>\n<h4>Vegane Alternativen f\u00fcr herk\u00f6mmliches Brot und Pasta<\/h4>\n<p>Kinder und Kohlenhydrate haben eine besondere Beziehung. Und vor der Lust auf Brot und Pasta sind auch vegane Kinder (und\u00a0 Erwachsene!) nicht gefeit.<br \/>\nDeswegen ist es mir besonders wichtig, gerade f\u00fcr diese beiden Food-Gruppen vegane Alternativen zu finden.<br \/>\nBrote, die gut schmecken, aber teilweise\u00a0glutenfrei, oder sogar\u00a0<a href=\"https:\/\/annas-blattgold.com\/de\/samenbrot-mit-flohsamenschalen-flourless-bread-with-seeds-and-physillum-husk\/\" target=\"_blank\" rel=\"noopener noreferrer\" data-content=\"https:\/\/www.annas-blattgold.com\/#!Samenbrot-mit-Flohsamenschalen\/c1k7g\/573ed54d0cf22b22de67cdd0\" data-type=\"external\">mehlfrei<\/a>\u00a0funktionieren. Oder auch\u00a0<a href=\"https:\/\/annas-blattgold.com\/de\/sauerteigbrot\/\" target=\"_blank\" rel=\"noopener noreferrer\" data-content=\"https:\/\/www.annas-blattgold.com\/#!Sauerteigbrot\/c1k7g\/573ed5300cf28f6d2bce54da\" data-type=\"external\">Sauerteigbrot<\/a>, da durch die Fermentation das Getreide sehr viel leichter zu verdauen ist.<br \/>\nUnd auch im Bereich Nudeln kann man der Kreativit\u00e4t freien Lauf lassen. Mittels\u00a0<a href=\"https:\/\/annas-blattgold.com\/de\/basics\/deutsch-gerate\/\" target=\"_self\" rel=\"noopener noreferrer\">Spirali<\/a>\u00a0lasse sich aus fast allen Gem\u00fcse-Arten vegane Nudeln kreieren. Ein weiterer Favorit:\u00a0<a href=\"https:\/\/www.google.co.uk\/search?q=linsennudeln&amp;client=firefox-b-ab&amp;tbm=isch&amp;imgil=EVZAcLLU6IgKeM%253A%253Bd7j2-Z-pAiYdzM%253Bhttp%25253A%25252F%25252Fneverspeechless.de%25252Flinsennudeln%25252F&amp;source=iu&amp;pf=m&amp;fir=EVZAcLLU6IgKeM%253A%252Cd7j2-Z-pAiYdzM%252C_&amp;usg=___wVU2-iVrhjIBg-eKIEOnblkXFI%3D&amp;biw=1920&amp;bih=952&amp;ved=0ahUKEwjL99DP7-vMAhWJDsAKHVDABT4QyjcIMw&amp;ei=6bJAV4vfAYmdgAbQgJfwAw#imgrc=Hvui5pQIkR24CM%3A\" target=\"_blank\" rel=\"noopener noreferrer\" data-content=\"https:\/\/www.google.co.uk\/search?q=linsennudeln&amp;client=firefox-b-ab&amp;tbm=isch&amp;imgil=EVZAcLLU6IgKeM%253A%253Bd7j2-Z-pAiYdzM%253Bhttp%25253A%25252F%25252Fneverspeechless.de%25252Flinsennudeln%25252F&amp;source=iu&amp;pf=m&amp;fir=EVZAcLLU6IgKeM%253A%252Cd7j2-Z-pAiYdzM%252C_&amp;usg=___wVU2-iVrhjIBg-eKIEOnblkXFI%3D&amp;biw=1920&amp;bih=952&amp;ved=0ahUKEwjL99DP7-vMAhWJDsAKHVDABT4QyjcIMw&amp;ei=6bJAV4vfAYmdgAbQgJfwAw#imgrc=Hvui5pQIkR24CM%3A\" data-type=\"external\">Linsennudel<\/a>. Und wenn es doch mal Getreidenudeln sein sollen, sind\u00a0<a href=\"http:\/\/www.planetorganic.com\/profusion-organic-sprouted-spelt-penne-pasta-250g\/23267\/?utm_source=googlefeed&amp;utm_medium=googlefeed&amp;utm_campaign=googlefeed&amp;src=googlefeed&amp;gclid=CPWnkLvw68wCFQo6Gwodgu0FJQ\" target=\"_blank\" rel=\"noopener noreferrer\" data-content=\"http:\/\/www.planetorganic.com\/profusion-organic-sprouted-spelt-penne-pasta-250g\/23267\/?utm_source=googlefeed&amp;utm_medium=googlefeed&amp;utm_campaign=googlefeed&amp;src=googlefeed&amp;gclid=CPWnkLvw68wCFQo6Gwodgu0FJQ\" data-type=\"external\">angekeimte Dinkelnudeln\u00a0<\/a>eine sehr gute und n\u00e4hrstoffreiche Wahl.[\/vc_column_text][\/vc_column][vc_column width=&#8220;1\/2&#8243;][vc_single_image image=&#8220;506&#8243; img_size=&#8220;full&#8220; alignment=&#8220;center&#8220; onclick=&#8220;custom_link&#8220; link=&#8220;https:\/\/annas-blattgold.com\/pesto-mit-sprossen-und-wildkrautern-pesto-with-sprouts-and-wild-herbs\/&#8220;][\/vc_column][\/vc_row][vc_row css=&#8220;.vc_custom_1516865948592{margin-bottom: 40px !important;background-color: #f0f0f0 !important;}&#8220;][vc_column width=&#8220;1\/2&#8243;][\/vc_column][vc_column width=&#8220;1\/2&#8243; el_class=&#8220;welcome-section about-section page_general_section&#8220;][vc_column_text]<\/p>\n<h4>Vorbild sein!<\/h4>\n<p>F\u00fcr all diese Tipps gilt: Seid den Kindern Vorbild. Lebt Ihr diese Werte, werden auch Eure Kinder sie viel leichter \u00fcbernehmen. Merken sie jedoch, dass Ihr den Schokoriegel auch viel besser findet als den Apfel, wird es ihnen wesentlich schwerer fallen, die gesunden Alternativen anzunehmen. Wenn sie jedoch sehen, dass es Euch schmeckt, wollen sie es ganz bestimmt auch probieren und essen wie die Gro\u00dfen![\/vc_column_text][\/vc_column][\/vc_row]<\/p>","protected":false},"excerpt":{"rendered":"<p>[vc_row full_width=&#8220;stretch_row&#8220; css=&#8220;.vc_custom_1517468574316{margin-bottom: 70px !important;background-image: url(https:\/\/annas-blattgold.com\/wp-content\/uploads\/2017\/12\/ftr_bg_new.jpg?id=765) !important;background-position: center !important;background-repeat: no-repeat !important;background-size: cover !important;}&#8220; el_class=&#8220;page_genral_bnr&#8220;][vc_column][vc_row_inner][vc_column_inner][vc_custom_heading text=&#8220;\u00dcber Blattgold&#8220; font_container=&#8220;tag:h1|font_size:60px|text_align:center|color:%23ffffff&#8220; use_theme_fonts=&#8220;yes&#8220; el_class=&#8220;page-title&#8220;][\/vc_column_inner][\/vc_row_inner][vc_row_inner el_class=&#8220; banner-link&#8220; css=&#8220;.vc_custom_1517468329629{margin-top: 15px !important;margin-bottom: 20px !important;}&#8220;][vc_column_inner width=&#8220;1\/3&#8243;][vc_column_text css=&#8220;.vc_custom_1517468299626{margin-bottom: 0px !important;}&#8220;] Warum vegan [\/vc_column_text][\/vc_column_inner][vc_column_inner width=&#8220;1\/3&#8243;][vc_column_text css=&#8220;.vc_custom_1517468308056{margin-bottom: 0px !important;}&#8220;] vegan f\u00fcr Kinder [\/vc_column_text][\/vc_column_inner][vc_column_inner width=&#8220;1\/3&#8243;][vc_column_text css=&#8220;.vc_custom_1517468316616{margin-bottom: 0px !important;}&#8220;]Tipps f\u00fcr den Anfang[\/vc_column_text][\/vc_column_inner][\/vc_row_inner][\/vc_column][\/vc_row][vc_row css=&#8220;.vc_custom_1514360034546{margin-bottom: 50px !important;background-color: #f0f0f0 !important;}&#8220;][vc_column width=&#8220;7\/12&#8243; el_class=&#8220;welcome-section &hellip; <a href=\"https:\/\/annas-blattgold.com\/de\/about\/vegan-for-kids\/\" class=\"more-link\">Continue reading<span class=\"screen-reader-text\"> &#8222;vegan f\u00fcr Kinder&#8220;<\/span><\/a><\/p>\n","protected":false},"author":1,"featured_media":0,"parent":6,"menu_order":0,"comment_status":"open","ping_status":"closed","template":"","meta":[],"_links":{"self":[{"href":"https:\/\/annas-blattgold.com\/de\/wp-json\/wp\/v2\/pages\/489"}],"collection":[{"href":"https:\/\/annas-blattgold.com\/de\/wp-json\/wp\/v2\/pages"}],"about":[{"href":"https:\/\/annas-blattgold.com\/de\/wp-json\/wp\/v2\/types\/page"}],"author":[{"embeddable":true,"href":"https:\/\/annas-blattgold.com\/de\/wp-json\/wp\/v2\/users\/1"}],"replies":[{"embeddable":true,"href":"https:\/\/annas-blattgold.com\/de\/wp-json\/wp\/v2\/comments?post=489"}],"version-history":[{"count":41,"href":"https:\/\/annas-blattgold.com\/de\/wp-json\/wp\/v2\/pages\/489\/revisions"}],"predecessor-version":[{"id":1246,"href":"https:\/\/annas-blattgold.com\/de\/wp-json\/wp\/v2\/pages\/489\/revisions\/1246"}],"up":[{"embeddable":true,"href":"https:\/\/annas-blattgold.com\/de\/wp-json\/wp\/v2\/pages\/6"}],"wp:attachment":[{"href":"https:\/\/annas-blattgold.com\/de\/wp-json\/wp\/v2\/media?parent=489"}],"curies":[{"name":"wp","href":"https:\/\/api.w.org\/{rel}","templated":true}]}}