{"id":1603,"date":"2025-10-08T19:52:21","date_gmt":"2025-10-08T19:52:21","guid":{"rendered":"https:\/\/annas-blattgold.com\/?page_id=1603"},"modified":"2025-11-06T12:25:53","modified_gmt":"2025-11-06T12:25:53","slug":"coaching","status":"publish","type":"page","link":"https:\/\/annas-blattgold.com\/de\/coaching\/","title":{"rendered":"Ganzheitliche Ern\u00e4hrungsberatung"},"content":{"rendered":"<p>[vc_row css=&#8220;.vc_custom_1692644938563{margin-bottom: 30px !important;background-color: #f0f0f0 !important;}&#8220;][vc_column][vc_column_text]<\/p>\n<h1 style=\"text-align: center;\">MAMA KNOWS BEST<\/h1>\n<p>[\/vc_column_text][\/vc_column][\/vc_row][vc_row css=&#8220;.vc_custom_1551878057050{margin-bottom: 30px !important;background-color: #f0f0f0 !important;}&#8220;][vc_column width=&#8220;1\/2&#8243;][vc_column_text]<\/p>\n<h3>Die Gesundheit Deiner Familie in Deinen H\u00e4nden!<\/h3>\n<div>Wie versorgst Du eine Wunde oder Beule richtig?<\/div>\n<div>Was kannst Du machen, wenn mein Kind Neurodermitis hat?<\/div>\n<div>Oder nicht gut schl\u00e4ft?<\/div>\n<div>Parasiten belasten Euch?<\/div>\n<div>Die Erk\u00e4ltungszeit nervt?<\/div>\n<div>Die Zahngesundheit Deiner Kinder macht Dir Sorgen?<\/div>\n<div><\/div>\n<div>\n<div>Die Liste von Fragen, die Eltern den Schlaf rauben k\u00f6nnen, ist endlos \u2026<br \/>\nUnd unterm Strich h\u00e4ngen sie alle miteinandern zusammen!<\/div>\n<\/div>\n<p>[\/vc_column_text][\/vc_column][vc_column width=&#8220;1\/2&#8243;][vc_single_image image=&#8220;1125&#8243; img_size=&#8220;full&#8220;][\/vc_column][\/vc_row][vc_row css=&#8220;.vc_custom_1684147219624{margin-bottom: 30px !important;background-color: #f0f0f0 !important;}&#8220;][vc_column width=&#8220;1\/2&#8243;][vc_single_image image=&#8220;1128&#8243; img_size=&#8220;full&#8220;][vc_single_image image=&#8220;1129&#8243; img_size=&#8220;full&#8220;][\/vc_column][vc_column width=&#8220;1\/2&#8243;][vc_column_text]<\/p>\n<h3>Starke, gesunde Kinder!<\/h3>\n<div>Ich bin mir sicher, die Gesundheit und das Gl\u00fcck Deiner Kinder geh\u00f6rt zu den wichtigsten Dingen in Deinem Leben!<\/div>\n<div>Wir Eltern wollen sie st\u00e4rken, sie in ihre volle Kraft bringen, sodass sie gut vorbereitet sind und alles haben. F\u00fcr ein Leben, in dem sie mit ihrem ganzen Licht strahlen k\u00f6nnen.<\/div>\n<div><\/div>\n<div>Mit diesem Kurs helfe ich Dir, genau das zu erreichen!<\/div>\n<div>Wir machen Dich zum Gesundheitsexperten f\u00fcr Dich und Deine Familie. Du bekommst jede Menge Grundlagen-Wissen, leicht anwendbare Tipps und Tricks, einen &#8222;Werkzeugkasten&#8220; und gleichzeitig st\u00e4rken wir Deine Intuition! Damit Deine Kinder von Kopf bis Fu\u00df gesund sind und ihr vollen Potential leben k\u00f6nnen. Und Du nat\u00fcrlich auch. Denn Deine Gesundheit ist mindestens genauso wichtig!<\/div>\n<p>[\/vc_column_text][\/vc_column][\/vc_row][vc_row css=&#8220;.vc_custom_1551878048006{margin-bottom: 30px !important;background-color: #f0f0f0 !important;}&#8220;][vc_column width=&#8220;1\/2&#8243;][vc_column_text]<\/p>\n<h3>Das Geschenk der Eigenverantwortung<\/h3>\n<div>Mit \u201eMama knows best\u201c kommt Ihr als Familie in die Eigenverantwortung und Selbstf\u00fcrsorge und genau diese Werte werden Deine Kinder \u00fcbernehmen. So haben sie eine wunderbare Basis f\u00fcr ihre Gesundheit, auf die sie ein lebenlang zugreifen k\u00f6nnen.<\/div>\n<div>Das sch\u00f6nste Geschenk, was Du Dir und Deiner Familie machen kannst!<\/div>\n<p>[\/vc_column_text][\/vc_column][vc_column width=&#8220;1\/2&#8243;][vc_single_image image=&#8220;1298&#8243; img_size=&#8220;full&#8220;][vc_single_image image=&#8220;1580&#8243;][\/vc_column][\/vc_row][vc_row css=&#8220;.vc_custom_1613159708384{background-color: #ededed !important;}&#8220;][vc_column width=&#8220;1\/2&#8243; css=&#8220;.vc_custom_1692643679401{background-color: #ededed !important;}&#8220;][vc_single_image image=&#8220;1488&#8243; img_size=&#8220;full&#8220; alignment=&#8220;center&#8220;][\/vc_column][vc_column width=&#8220;1\/2&#8243;][vc_column_text]<\/p>\n<h3>Profitiere von meiner langj\u00e4hrigen Erfahrung als 4fach Mama<\/h3>\n<div>Ich selbst bin Mama von 4 Kindern, Ern\u00e4hrungs- und Gesundheitscoach, Aromatherapeutin, Instant Change Coach, zertifizierte EM-Beraterin, Detox-Expertin \u2026 all mein Wissen, das ich in den letzten 12 Jahren<i> (seit Geburt meiner \u00e4ltesten Tochter)<\/i> gesammelt habe und all meine Erfahrungen, werde ich Dir in diesem 8 w\u00f6chigen Kurs vermitteln. 8 aufeinander aufbauende Module bringen Dich St\u00fcck f\u00fcr St\u00fcck tiefer ins Verst\u00e4ndnis und in die Praxis. Die Themen greifen alle ineinander und geben Dir so ein umganreiches und ganzheitliches Verst\u00e4ndnis von Gesundheit.<br \/>\nSodass Du nicht mehr ratlos bist, sondern genau wei\u00dft, was zu tun ist!<\/div>\n<div><\/div>\n<div>F\u00fcr ein gesundes, leichtes und unabh\u00e4ngiges Leben mit Deiner Familie \u2026 mit starken, gl\u00fccklichen und freien Kindern!<\/div>\n<p>[\/vc_column_text][\/vc_column][\/vc_row][vc_row css=&#8220;.vc_custom_1613159740150{background-color: #ededed !important;}&#8220;][vc_column width=&#8220;1\/2&#8243; css=&#8220;.vc_custom_1613159730623{background-color: #ededed !important;}&#8220;][vc_column_text]<\/p>\n<h3>Hol Dir die Kraft der Community<\/h3>\n<div>Was ist noch kraftvoller als eine Mama, die inutitiv und mit viel Wissen die richtigen Entscheidungen f\u00fcr die Gesundheit ihrer Familie treffen kann? 2 M\u00fctter, die das k\u00f6nnen und sich gegenseitig beraten und unterst\u00fctzen!<\/div>\n<div>Mach den Kurs gemeinsam mit Deiner Freundin und ihr bekommt beide 10% Rabatt!<\/div>\n<div>Au\u00dferdem lernst Du im Kurs viele weitere stakre Frauen kennen, mit denen Ihr eine kraftvolle Gemeinschaft bilden k\u00f6nnt.<\/div>\n<p>[\/vc_column_text][\/vc_column][vc_column width=&#8220;1\/2&#8243;][vc_single_image image=&#8220;1336&#8243; img_size=&#8220;full&#8220; css=&#8220;.vc_custom_1613159338079{background-color: #e5e5e5 !important;}&#8220;][\/vc_column][\/vc_row][vc_row css=&#8220;.vc_custom_1684147238803{margin-top: 30px !important;margin-bottom: 30px !important;background-color: #ededed !important;}&#8220;][vc_column width=&#8220;1\/2&#8243;][vc_single_image image=&#8220;1595&#8243; img_size=&#8220;full&#8220; css=&#8220;.vc_custom_1690273987901{background-color: #e5e5e5 !important;}&#8220;][\/vc_column][vc_column width=&#8220;1\/2&#8243; css=&#8220;.vc_custom_1613159730623{background-color: #ededed !important;}&#8220;][vc_column_text]<\/p>\n<h3>Was genau erwartet Dich?<\/h3>\n<ul>\n<li>Jede Woche ein Modul-Webinar (8 St\u00fcck insgesamt)<\/li>\n<li>1x pro Woche offene Zoom-Gruppen-Session f\u00fcr Eure Fragen, Erfahrungsaustausch etc.<\/li>\n<li>2 inidviduelle Einzelsitzung (1 Stunde) konkret f\u00fcr Dich und Deine Familiensituation<\/li>\n<li>Exklusive Telegram-Gruppe zum Austausch und f\u00fcr Fragen<\/li>\n<li>Special: Instant Changes Session zu einem Thema Deiner Wahl \u2013 wenn Blockaden, \u00c4ngste, Zweifel auftauchen, alte Routinen Dich festhalten \u2013 ist das der meiner Meinung nach kraftvollste Weg, diese schnell und nachhaltig loszuwerden! (Wert: 700 Euro)<\/li>\n<li>Starterpaket mit wundervollen Produkten zu jedem Modul im Wert von \u00fcber 400 Euro. So kannst Du direkt loslegen!<\/li>\n<\/ul>\n<p>[\/vc_column_text][\/vc_column][\/vc_row][vc_row css=&#8220;.vc_custom_1684147238803{margin-top: 30px !important;margin-bottom: 30px !important;background-color: #ededed !important;}&#8220;][vc_column width=&#8220;1\/2&#8243; css=&#8220;.vc_custom_1613159730623{background-color: #ededed !important;}&#8220;][vc_column_text]<\/p>\n<h3>Module im \u00dcberblick<\/h3>\n<ul>\n<li>gesunder Darm \u2013 Effektive Mikroorganismen: wunderbare Helfer!<\/li>\n<li>gesunde Familienk\u00fcche \u2013 mit Sprossen und co<\/li>\n<li>gesund genie\u00dfen \u2013 zuckerfrei mit Kindern!<\/li>\n<li>gesunde Zellen \u2013 perfekt gereinigt, optimal versorgt<\/li>\n<li>gesunde Nasen und co \u2013 \u00e4therische \u00d6le in der Hausapotheke<\/li>\n<li>gesunde Z\u00e4hne \u2013 von Karies bis Kreidez\u00e4hne<\/li>\n<li>Parasiten \u2013 Ursachen verstehen und Hilfe in Akutf\u00e4llen<\/li>\n<li>gesunde Frequenzen \u2013 EMF, Erdung und mehr<\/li>\n<\/ul>\n<p>[\/vc_column_text][\/vc_column][vc_column width=&#8220;1\/2&#8243;][vc_single_image image=&#8220;1595&#8243; img_size=&#8220;full&#8220; css=&#8220;.vc_custom_1690273987901{background-color: #e5e5e5 !important;}&#8220;][\/vc_column][\/vc_row][vc_row][\/vc_row][vc_row css=&#8220;.vc_custom_1692644938563{margin-bottom: 30px !important;background-color: #f0f0f0 !important;}&#8220;][vc_column][vc_column_text]<\/p>\n<h1 style=\"text-align: center;\">MAMA KNOWS BEST<\/h1>\n<p>[\/vc_column_text][\/vc_column][\/vc_row][vc_row css=&#8220;.vc_custom_1551878057050{margin-bottom: 30px !important;background-color: #f0f0f0 !important;}&#8220;][vc_column width=&#8220;1\/2&#8243;][vc_column_text]<\/p>\n<h3>Die Gesundheit Deiner Familie in Deinen H\u00e4nden!<\/h3>\n<div>Wie versorgst Du eine Wunde oder Beule richtig?<\/div>\n<div>Was kannst Du machen, wenn mein Kind Neurodermitis hat?<\/div>\n<div>Oder nicht gut schl\u00e4ft?<\/div>\n<div>Parasiten belasten Euch?<\/div>\n<div>Die Erk\u00e4ltungszeit nervt?<\/div>\n<div>Die Zahngesundheit Deiner Kinder macht Dir Sorgen?<\/div>\n<div><\/div>\n<div>\n<div>Die Liste von Fragen, die Eltern den Schlaf rauben k\u00f6nnen, ist endlos \u2026<br \/>\nUnd unterm Strich h\u00e4ngen sie alle miteinandern zusammen!<\/div>\n<\/div>\n<p>[\/vc_column_text][\/vc_column][vc_column width=&#8220;1\/2&#8243;][vc_single_image image=&#8220;1125&#8243; img_size=&#8220;full&#8220;][\/vc_column][\/vc_row][vc_row css=&#8220;.vc_custom_1684147219624{margin-bottom: 30px !important;background-color: #f0f0f0 !important;}&#8220;][vc_column width=&#8220;1\/2&#8243;][vc_single_image image=&#8220;1128&#8243; img_size=&#8220;full&#8220;][vc_single_image image=&#8220;1129&#8243; img_size=&#8220;full&#8220;][\/vc_column][vc_column width=&#8220;1\/2&#8243;][vc_column_text]<\/p>\n<h3>Starke, gesunde Kinder!<\/h3>\n<div>Ich bin mir sicher, die Gesundheit und das Gl\u00fcck Deiner Kinder geh\u00f6rt zu den wichtigsten Dingen in Deinem Leben!<\/div>\n<div>Wir Eltern wollen sie st\u00e4rken, sie in ihre volle Kraft bringen, sodass sie gut vorbereitet sind und alles haben. F\u00fcr ein Leben, in dem sie mit ihrem ganzen Licht strahlen k\u00f6nnen.<\/div>\n<div><\/div>\n<div>Mit diesem Kurs helfe ich Dir, genau das zu erreichen!<\/div>\n<div>Wir machen Dich zum Gesundheitsexperten f\u00fcr Dich und Deine Familie. Du bekommst jede Menge Grundlagen-Wissen, leicht anwendbare Tipps und Tricks, einen &#8222;Werkzeugkasten&#8220; und gleichzeitig st\u00e4rken wir Deine Intuition! Damit Deine Kinder von Kopf bis Fu\u00df gesund sind und ihr vollen Potential leben k\u00f6nnen. Und Du nat\u00fcrlich auch. Denn Deine Gesundheit ist mindestens genauso wichtig!<\/div>\n<p>[\/vc_column_text][\/vc_column][\/vc_row][vc_row css=&#8220;.vc_custom_1551878048006{margin-bottom: 30px !important;background-color: #f0f0f0 !important;}&#8220;][vc_column width=&#8220;1\/2&#8243;][vc_column_text]<\/p>\n<h3>Das Geschenk der Eigenverantwortung<\/h3>\n<div>Mit \u201eMama knows best\u201c kommt Ihr als Familie in die Eigenverantwortung und Selbstf\u00fcrsorge und genau diese Werte werden Deine Kinder \u00fcbernehmen. So haben sie eine wunderbare Basis f\u00fcr ihre Gesundheit, auf die sie ein lebenlang zugreifen k\u00f6nnen.<\/div>\n<div>Das sch\u00f6nste Geschenk, was Du Dir und Deiner Familie machen kannst!<\/div>\n<p>[\/vc_column_text][\/vc_column][vc_column width=&#8220;1\/2&#8243;][vc_single_image image=&#8220;1298&#8243; img_size=&#8220;full&#8220;][vc_single_image image=&#8220;1580&#8243;][\/vc_column][\/vc_row][vc_row css=&#8220;.vc_custom_1613159708384{background-color: #ededed !important;}&#8220;][vc_column width=&#8220;1\/2&#8243; css=&#8220;.vc_custom_1692643679401{background-color: #ededed !important;}&#8220;][vc_single_image image=&#8220;1488&#8243; img_size=&#8220;full&#8220; alignment=&#8220;center&#8220;][\/vc_column][vc_column width=&#8220;1\/2&#8243;][vc_column_text]<\/p>\n<h3>Profitiere von meiner langj\u00e4hrigen Erfahrung als 4fach Mama<\/h3>\n<div>Ich selbst bin Mama von 4 Kindern, Ern\u00e4hrungs- und Gesundheitscoach, Aromatherapeutin, Instant Change Coach, zertifizierte EM-Beraterin, Detox-Expertin \u2026 all mein Wissen, das ich in den letzten 12 Jahren<i> (seit Geburt meiner \u00e4ltesten Tochter)<\/i> gesammelt habe und all meine Erfahrungen, werde ich Dir in diesem 8 w\u00f6chigen Kurs vermitteln. 8 aufeinander aufbauende Module bringen Dich St\u00fcck f\u00fcr St\u00fcck tiefer ins Verst\u00e4ndnis und in die Praxis. Die Themen greifen alle ineinander und geben Dir so ein umganreiches und ganzheitliches Verst\u00e4ndnis von Gesundheit.<br \/>\nSodass Du nicht mehr ratlos bist, sondern genau wei\u00dft, was zu tun ist!<\/div>\n<div><\/div>\n<div>F\u00fcr ein gesundes, leichtes und unabh\u00e4ngiges Leben mit Deiner Familie \u2026 mit starken, gl\u00fccklichen und freien Kindern!<\/div>\n<p>[\/vc_column_text][\/vc_column][\/vc_row][vc_row css=&#8220;.vc_custom_1613159740150{background-color: #ededed !important;}&#8220;][vc_column width=&#8220;1\/2&#8243; css=&#8220;.vc_custom_1613159730623{background-color: #ededed !important;}&#8220;][vc_column_text]<\/p>\n<h3>Hol Dir die Kraft der Community<\/h3>\n<div>Was ist noch kraftvoller als eine Mama, die inutitiv und mit viel Wissen die richtigen Entscheidungen f\u00fcr die Gesundheit ihrer Familie treffen kann? 2 M\u00fctter, die das k\u00f6nnen und sich gegenseitig beraten und unterst\u00fctzen!<\/div>\n<div>Mach den Kurs gemeinsam mit Deiner Freundin und ihr bekommt beide 10% Rabatt!<\/div>\n<div>Au\u00dferdem lernst Du im Kurs viele weitere stakre Frauen kennen, mit denen Ihr eine kraftvolle Gemeinschaft bilden k\u00f6nnt.<\/div>\n<p>[\/vc_column_text][\/vc_column][vc_column width=&#8220;1\/2&#8243;][vc_single_image image=&#8220;1336&#8243; img_size=&#8220;full&#8220; css=&#8220;.vc_custom_1613159338079{background-color: #e5e5e5 !important;}&#8220;][\/vc_column][\/vc_row][vc_row css=&#8220;.vc_custom_1684147238803{margin-top: 30px !important;margin-bottom: 30px !important;background-color: #ededed !important;}&#8220;][vc_column width=&#8220;1\/2&#8243;][vc_single_image image=&#8220;1595&#8243; img_size=&#8220;full&#8220; css=&#8220;.vc_custom_1690273987901{background-color: #e5e5e5 !important;}&#8220;][\/vc_column][vc_column width=&#8220;1\/2&#8243; css=&#8220;.vc_custom_1613159730623{background-color: #ededed !important;}&#8220;][vc_column_text]<\/p>\n<h3>Was genau erwartet Dich?<\/h3>\n<ul>\n<li>Jede Woche ein Modul-Webinar (8 St\u00fcck insgesamt)<\/li>\n<li>1x pro Woche offene Zoom-Gruppen-Session f\u00fcr Eure Fragen, Erfahrungsaustausch etc.<\/li>\n<li>2 inidviduelle Einzelsitzung (1 Stunde) konkret f\u00fcr Dich und Deine Familiensituation<\/li>\n<li>Exklusive Telegram-Gruppe zum Austausch und f\u00fcr Fragen<\/li>\n<li>Special: Instant Changes Session zu einem Thema Deiner Wahl \u2013 wenn Blockaden, \u00c4ngste, Zweifel auftauchen, alte Routinen Dich festhalten \u2013 ist das der meiner Meinung nach kraftvollste Weg, diese schnell und nachhaltig loszuwerden! (Wert: 700 Euro)<\/li>\n<li>Starterpaket mit wundervollen Produkten zu jedem Modul im Wert von \u00fcber 400 Euro. So kannst Du direkt loslegen!<\/li>\n<\/ul>\n<p>[\/vc_column_text][\/vc_column][\/vc_row][vc_row css=&#8220;.vc_custom_1684147238803{margin-top: 30px !important;margin-bottom: 30px !important;background-color: #ededed !important;}&#8220;][vc_column width=&#8220;1\/2&#8243; css=&#8220;.vc_custom_1613159730623{background-color: #ededed !important;}&#8220;][vc_column_text]<\/p>\n<h3>Module im \u00dcberblick<\/h3>\n<ul>\n<li>gesunder Darm \u2013 Effektive Mikroorganismen: wunderbare Helfer!<\/li>\n<li>gesunde Familienk\u00fcche \u2013 mit Sprossen und co<\/li>\n<li>gesund genie\u00dfen \u2013 zuckerfrei mit Kindern!<\/li>\n<li>gesunde Zellen \u2013 perfekt gereinigt, optimal versorgt<\/li>\n<li>gesunde Nasen und co \u2013 \u00e4therische \u00d6le in der Hausapotheke<\/li>\n<li>gesunde Z\u00e4hne \u2013 von Karies bis Kreidez\u00e4hne<\/li>\n<li>Parasiten \u2013 Ursachen verstehen und Hilfe in Akutf\u00e4llen<\/li>\n<li>gesunde Frequenzen \u2013 EMF, Erdung und mehr<\/li>\n<\/ul>\n<p>[\/vc_column_text][\/vc_column][vc_column width=&#8220;1\/2&#8243;][vc_single_image image=&#8220;1595&#8243; img_size=&#8220;full&#8220; css=&#8220;.vc_custom_1690273987901{background-color: #e5e5e5 !important;}&#8220;][\/vc_column][\/vc_row][vc_row][\/vc_row]<\/p>","protected":false},"excerpt":{"rendered":"<p>[vc_row css=&#8220;.vc_custom_1692644938563{margin-bottom: 30px !important;background-color: #f0f0f0 !important;}&#8220;][vc_column][vc_column_text] MAMA KNOWS BEST [\/vc_column_text][\/vc_column][\/vc_row][vc_row css=&#8220;.vc_custom_1551878057050{margin-bottom: 30px !important;background-color: #f0f0f0 !important;}&#8220;][vc_column width=&#8220;1\/2&#8243;][vc_column_text] Die Gesundheit Deiner Familie in Deinen H\u00e4nden! Wie versorgst Du eine Wunde oder Beule richtig? Was kannst Du machen, wenn mein Kind Neurodermitis hat? Oder nicht gut schl\u00e4ft? Parasiten belasten Euch? Die Erk\u00e4ltungszeit nervt? Die Zahngesundheit Deiner Kinder macht &hellip; <a href=\"https:\/\/annas-blattgold.com\/de\/coaching\/\" class=\"more-link\">Continue reading<span class=\"screen-reader-text\"> &#8222;Ganzheitliche Ern\u00e4hrungsberatung&#8220;<\/span><\/a><\/p>\n","protected":false},"author":1,"featured_media":0,"parent":0,"menu_order":0,"comment_status":"closed","ping_status":"closed","template":"","meta":[],"_links":{"self":[{"href":"https:\/\/annas-blattgold.com\/de\/wp-json\/wp\/v2\/pages\/1603"}],"collection":[{"href":"https:\/\/annas-blattgold.com\/de\/wp-json\/wp\/v2\/pages"}],"about":[{"href":"https:\/\/annas-blattgold.com\/de\/wp-json\/wp\/v2\/types\/page"}],"author":[{"embeddable":true,"href":"https:\/\/annas-blattgold.com\/de\/wp-json\/wp\/v2\/users\/1"}],"replies":[{"embeddable":true,"href":"https:\/\/annas-blattgold.com\/de\/wp-json\/wp\/v2\/comments?post=1603"}],"version-history":[{"count":10,"href":"https:\/\/annas-blattgold.com\/de\/wp-json\/wp\/v2\/pages\/1603\/revisions"}],"predecessor-version":[{"id":1665,"href":"https:\/\/annas-blattgold.com\/de\/wp-json\/wp\/v2\/pages\/1603\/revisions\/1665"}],"wp:attachment":[{"href":"https:\/\/annas-blattgold.com\/de\/wp-json\/wp\/v2\/media?parent=1603"}],"curies":[{"name":"wp","href":"https:\/\/api.w.org\/{rel}","templated":true}]}}