{"id":110,"date":"2017-12-27T11:08:17","date_gmt":"2017-12-27T11:08:17","guid":{"rendered":"http:\/\/annas-blattgold.com\/?page_id=110"},"modified":"2019-03-19T08:48:33","modified_gmt":"2019-03-19T08:48:33","slug":"methods","status":"publish","type":"page","link":"https:\/\/annas-blattgold.com\/de\/vegan-basics\/methods\/","title":{"rendered":"Methoden"},"content":{"rendered":"<p>[vc_row full_width=&#8220;stretch_row&#8220; el_class=&#8220;page_genral_bnr&#8220; css=&#8220;.vc_custom_1517470179027{margin-bottom: 70px !important;background-image: url(https:\/\/annas-blattgold.com\/wp-content\/uploads\/2017\/12\/ftr_bg_new.jpg?id=765) !important;background-position: center !important;background-repeat: no-repeat !important;background-size: cover !important;}&#8220;][vc_column][vc_row_inner][vc_column_inner][vc_custom_heading text=&#8220;Grundlagen&#8220; font_container=&#8220;tag:h1|font_size:60px|text_align:center|color:%23ffffff&#8220; use_theme_fonts=&#8220;yes&#8220; el_class=&#8220;page-title&#8220;][\/vc_column_inner][\/vc_row_inner][vc_row_inner el_class=&#8220; banner-link&#8220; css=&#8220;.vc_custom_1517470204385{margin-top: 15px !important;margin-bottom: 20px !important;}&#8220;][vc_column_inner width=&#8220;1\/4&#8243;][vc_column_text css=&#8220;.vc_custom_1517470214499{margin-bottom: 0px !important;}&#8220;]<\/p>\n<p style=\"text-align: center;\"><a href=\"https:\/\/annas-blattgold.com\/basics\/ingredients\/\">Zutaten<\/a><\/p>\n<p>[\/vc_column_text][\/vc_column_inner][vc_column_inner width=&#8220;1\/4&#8243;][vc_column_text css=&#8220;.vc_custom_1517470245729{margin-bottom: 0px !important;}&#8220;]<\/p>\n<p style=\"text-align: center;\"><a href=\"https:\/\/annas-blattgold.com\/basics\/well-nourished\/\">Gut versorgt?!<\/a><\/p>\n<p>[\/vc_column_text][\/vc_column_inner][vc_column_inner width=&#8220;1\/4&#8243;][vc_column_text css=&#8220;.vc_custom_1517470254701{margin-bottom: 0px !important;}&#8220;]<\/p>\n<p style=\"text-align: center;\"><a class=\"current_page_link\" href=\"https:\/\/annas-blattgold.com\/basics\/methods\/\">Methoden<\/a><\/p>\n<p>[\/vc_column_text][\/vc_column_inner][vc_column_inner width=&#8220;1\/4&#8243;][vc_column_text css=&#8220;.vc_custom_1517470263183{margin-bottom: 0px !important;}&#8220;]<\/p>\n<p style=\"text-align: center;\"><a href=\"https:\/\/annas-blattgold.com\/de\/basics\/deutsch-gerate\/\">Ger\u00e4te<\/a><\/p>\n<p>[\/vc_column_text][\/vc_column_inner][\/vc_row_inner][\/vc_column][\/vc_row][vc_row css=&#8220;.vc_custom_1517470186708{margin-top: 0px !important;margin-bottom: 0px !important;background-color: #f0f0f0 !important;}&#8220;][vc_column width=&#8220;7\/12&#8243; el_class=&#8220;welcome-section about-section&#8220;][vc_column_text]<\/p>\n<h3 class=\"font_6\">Die Kraft des Wassers \u2013<br \/>\nEinweichen und Aktivieren<\/h3>\n<p>N\u00fcsse, Bohnen, Samen und H\u00fclsenfr\u00fcchte\u00a0sind ein fester Bestandteil einer veganen Ern\u00e4hrung. Will man aber wirklich von ihnen profitieren, sollte man sie einweichen.<\/p>\n<p>Wenn wir N\u00fcsse und Co. nicht direkt vom Baum essen, sondern lange nach der Ernte kaufen, sind sie quasi in einem Tiefschlaf. Denn sie alle enthalten nat\u00fcrliche Stoffe, die sie davon abhalten, spontan zu keimen und sich in Pflanzen zu verwandeln: Phytins\u00e4ure und Enzymhemmer.<\/p>\n<p>Die Phytins\u00e4ure bindet Mineralien im Verdauungssystem, sodass sie vom K\u00f6rper nicht verwertbar sind. Und Enzymhemmer k\u00f6nnen auch unsere eigenen Enzyme bei der Arbeit behindern. Der Prozess des Einweichens entfernt diese Stoffe und wird deswegen auch Aktivieren genannt. Die &#8217;schlafenden&#8216; K\u00f6rner werden erweckt und geben ihre N\u00e4hrstoffe frei.<\/p>\n<p>Jeder Samen, jede Nuss und H\u00fclsenfrucht hat leicht abweichende\u00a0<a href=\"http:\/\/beerenlecker.com\/wp-content\/uploads\/2015\/11\/Einweichzeiten-f%C3%BCr-N%C3%BCsse-Kerne-und-H%C3%BClsenfr%C3%BCchte.png\" target=\"_blank\" rel=\"noopener noreferrer\" data-content=\"http:\/\/beerenlecker.com\/wp-content\/uploads\/2015\/11\/Einweichzeiten-f%C3%BCr-N%C3%BCsse-Kerne-und-H%C3%BClsenfr%C3%BCchte.png\" data-type=\"external\">Einweichzeiten<\/a>. Aber um es zu vereinfachen, kann man alles einfach \u00fcber Nacht einweichen. Am besten in warmem Salzwasser. Und dann gut absp\u00fclen.<br \/>\nBei Bohnen und H\u00fclsenfr\u00fcchten kann man ins Einweich- und auch ins Kochwasser zus\u00e4tzlich ein St\u00fcck Kombu legen. Das ist eine Alge, die gasproduzierende Bestandteile neutralisieren kann und somit die Verdaulichkeit weiter deutlich verbessert.<\/p>\n<p>Samen und N\u00fcsse kann man nach dem Einweichen im Dehydrator zur\u00fccktrocknen. Oder direkt keimen lassen und als Sprossen genie\u00dfen.<br \/>\nDas ganze klingt jetzt ziemlich aufw\u00e4ndig. Aber wenn man sich einmal dran gew\u00f6hnt hat, geht es sehr schnell. Ich weiche z.B. gleich immer gro\u00dfe Mengen N\u00fcsse und Samen ein. Einmal wieder zur\u00fcckgetrocknet, sind sie genauso lange haltbar wie vorher und ich hab sie immer parat. Nur eben in aktivierter Form.[\/vc_column_text][\/vc_column][vc_column width=&#8220;5\/12&#8243; el_class=&#8220;welcome-section about-section&#8220;][vc_single_image image=&#8220;111&#8243; img_size=&#8220;full&#8220; alignment=&#8220;center&#8220;][\/vc_column][\/vc_row][vc_row css=&#8220;.vc_custom_1514362384485{margin-top: 50px !important;margin-bottom: 0px !important;background-color: #f0f0f0 !important;}&#8220;][vc_column width=&#8220;1\/2&#8243; el_class=&#8220;welcome-section about-section&#8220;][vc_single_image image=&#8220;112&#8243; img_size=&#8220;full&#8220; alignment=&#8220;center&#8220;][\/vc_column][vc_column width=&#8220;1\/2&#8243; el_class=&#8220;welcome-section about-section&#8220;][vc_column_text]<\/p>\n<h3 class=\"font_6\">Sprossen ziehen<\/h3>\n<p>Der eigene kleine Garten &#8211; \u00a0das ganze Jahr \u00fcber!<br \/>\nSprossen sind kleine N\u00e4hrstoffwunder: Das Ankeimen erweckt die schlafenden Samen zum Leben und ihr N\u00e4hrstoffgehalt vergr\u00f6\u00dfert sich um ein Vielfaches. Sprossen lassen sich in fast alle Gerichte integrieren und k\u00f6nnen so das schnellste Essen oder selbst nur ein Brot in ein vollwertiges Mahl verwandeln.<\/p>\n<p>Selbst Sprossen zu ziehen ist ganz einfach und so viel g\u00fcnstiger als fertige Sprossen zu kaufen &#8211; mal abgesehen vom Verpackungsm\u00fcll.<br \/>\nAm besten funktioniert es in Sprossengl\u00e4sern. Daf\u00fcr braucht Ihr eigentlich nur die Deckel zu kaufen (kann man in Biol\u00e4den\/Reformh\u00e4user als Ersatzteil nachbestellen). Die Deckel passen n\u00e4mlich auf die meisten Gl\u00e4ser, die man ohnehin zu Hause hat (z.B. vom Kokosfett). Auf diese Weise ist es wesentlich g\u00fcnstiger und man hat gleich noch eine gute Verwendung f\u00fcr die leeren Gl\u00e4ser.<br \/>\nF\u00fcr gr\u00f6\u00dfere Mengen Sprossen kann man auch Nussmilchbeutel verwenden.<\/p>\n<p>Aber egal, welches Ger\u00e4t man nutzt, das Prozedere ist immer gleich: Die Samen werden zun\u00e4chst \u00fcber Nacht eingeweicht. Das Wasser abgie\u00dfen und die Sprossen anschlie\u00dfend 2-3 mal t\u00e4glich unter klarem Wasser sp\u00fclen. F\u00fcr die Keimdauer kann man sich nach\u00a0<a href=\"http:\/\/www.avogel.de\/ernaehrung_gesundheit\/ihre-ernaehrung\/themenuebersicht\/sprossen\/keimtabelle.php\" target=\"_blank\" rel=\"noopener noreferrer\" data-content=\"http:\/\/www.avogel.de\/ernaehrung_gesundheit\/ihre-ernaehrung\/themenuebersicht\/sprossen\/keimtabelle.php\" data-type=\"external\">Tabellen<\/a> richten, aber man kann auch einfach sehen, wann die Sprossen fertig sind. Die Faustregel lautet: der N\u00e4hrstoffgehalt ist am h\u00f6chsten, wenn der Keimling ungef\u00e4hr so gro\u00df ist wie der Samen.<\/p>\n<p>Nach dem letzten Sp\u00fclen die Sprossen gut trocknen lassen, dann den Keimdeckel durch einen echten Deckel ersetzen und das Glas in den K\u00fchlschrank stellen. Frisch genie\u00dfen und gleich das n\u00e4chste Glas ansetzen![\/vc_column_text][\/vc_column][\/vc_row][vc_row css=&#8220;.vc_custom_1514362384485{margin-top: 50px !important;margin-bottom: 0px !important;background-color: #f0f0f0 !important;}&#8220;][vc_column width=&#8220;1\/2&#8243; el_class=&#8220;welcome-section about-section&#8220;][vc_column_text]<\/p>\n<h3>M\u00fcller werden<\/h3>\n<p>Frisch gemahlenes Mehl ist am wertvollsten. Solange das Korn intakt ist, sind alle N\u00e4hrstoffe gut gesch\u00fctzt. Kommen sie in gemahlener Form mit Licht und Luft in Kontakt gehen immer mehr davon verloren.<\/p>\n<p>Au\u00dferdem ist selber mahlen g\u00fcnstiger und man spart Platz im K\u00fcchenschrank. Kauft Ihr ganzen Buchweizen, k\u00f6nnt Ihr ihn ankeimen oder zu Mehl verarbeiten, Reisk\u00f6rner kann man kochen oder zermahlen usw. Man ist also viel flexibler: fertiges Mehl ist und bleibt immer Mehl.<\/p>\n<p>Zum Mahlen die K\u00f6rner einfach in den trockenen (!) Mixbh\u00e4lter Eures Hochleitungsmixers geben und los gehts. Wann das Mehl fertig ist, k\u00f6nnt Ihr es h\u00f6ren! Am Anfang wird es sehr laut sein. Und wenn sich der Ger\u00e4uschpegel wieder auf einem normalen Level befindet und nicht mehr ver\u00e4ndert, ist Euer frisch gemahlenes Vollkornmehl fertig.<\/p>\n<p>Wenn Ihr wei\u00dfes Mehl braucht, z.B. zum Backen, siebt das Mehl anschlie\u00dfend durch ein sehr feines Sieb. Das ist allerdings relativ aufw\u00e4ndig. Und ich muss gestehen, f\u00fcr die seltenen F\u00e4lle, in denen ich wei\u00dfes Mehl verwende, kaufe ich das Mehl meist. Gekauftes Mehl bewahrt Ihr dann am besten im K\u00fchlschrank auf. Ja, richtig geh\u00f6rt. Denn dort ist es zum einen am besten vor Ungeziefer gesch\u00fctzt. Und au\u00dferdem ist es sch\u00f6n dunkel, fast wie im Korn.[\/vc_column_text][\/vc_column][vc_column width=&#8220;1\/2&#8243; el_class=&#8220;welcome-section about-section&#8220;][vc_single_image image=&#8220;113&#8243; img_size=&#8220;full&#8220; alignment=&#8220;center&#8220;][\/vc_column][\/vc_row][vc_row css=&#8220;.vc_custom_1514362384485{margin-top: 50px !important;margin-bottom: 0px !important;background-color: #f0f0f0 !important;}&#8220;][vc_column width=&#8220;1\/2&#8243; el_class=&#8220;welcome-section about-section&#8220;][vc_single_image image=&#8220;114&#8243; img_size=&#8220;full&#8220; alignment=&#8220;center&#8220;][\/vc_column][vc_column width=&#8220;1\/2&#8243; el_class=&#8220;welcome-section about-section&#8220;][vc_column_text]<\/p>\n<h3>Fermentieren<\/h3>\n<p>Das Fermentieren ist eine der \u00e4ltesten Techniken der Haltbarmachung von Lebensmitteln. Fermentieren bezeichnet eine Umwandlung organischer Stoffe durch Bakterien oder Pilze, wie z.B. die G\u00e4rung.<\/p>\n<p>Das Fermentieren hat viele Vorteile:<br \/>\nDer Vorgang spaltet Kohlenhydrate und Eiwei\u00dfe in leichter verdaubare Bestandteile (Vorverdauung). Durch die probiotischen Mikroorganismen ist Fermentiertes auch hilfreich f\u00fcr die Darmflora und somit f\u00fcrs Immunsystem. Au\u00dferdem f\u00f6rdert es s\u00e4mtliche Entgiftungs-und Reinigungsprozesse im K\u00f6rper.<\/p>\n<p>Es spricht also viel daf\u00fcr, fermentierte Lebensmittel in den Speiseplan zu integrieren. Bei gekauften Produkten kann man z.B. auf Miso oder Tamari zur\u00fcckgreifen.<br \/>\nFermentieren ist aber ein recht einfacher Prozess, die Bakterien machen die ganze Arbeit eigentlich allein. Genaue Anweisungen f\u00fcr Selbst-Fermentiertes findet Ihr in meinen veganen Rezepten z.B. f\u00fcr <a href=\"https:\/\/annas-blattgold.com\/sauerteigbrot\/\">Sauerteigbrot,<\/a> <a href=\"https:\/\/annas-blattgold.com\/cashew-kase-grundrezept-mit-fermentierter-option-cashew-cheese-basic-recipe-with-fermented-option\/\">Cashewk\u00e4se<\/a> und <a href=\"https:\/\/annas-blattgold.com\/wasserkefir\/\">Wasserkefir.<\/a>[\/vc_column_text][\/vc_column][\/vc_row][vc_row css=&#8220;.vc_custom_1514362384485{margin-top: 50px !important;margin-bottom: 0px !important;background-color: #f0f0f0 !important;}&#8220;][vc_column width=&#8220;1\/2&#8243; el_class=&#8220;welcome-section about-section&#8220;][vc_column_text]<\/p>\n<h3>Melken und genie\u00dfen<\/h3>\n<p>Es ist wesentlich g\u00fcnstiger, Hafermilch, Mandelmilch und Co. selbst herzustellen. Au\u00dferdem wei\u00df man dann genau, was drin ist und spart auch noch jede Menge Verpackungsm\u00fcll.<\/p>\n<p>Prinzipiell ist die Herstellung f\u00fcr jede Art Nuss- und Samenmilch gleich und einfach. Je\u00a0<strong>140g aktivierte N\u00fcsse<\/strong>\u00a0bzw.\u00a0<strong>250g aktivierte Samen<\/strong>\u00a0mit\u00a0<strong>1 Liter gefiltertem Wasser<\/strong> und ggf. gew\u00fcnschtem\u00a0<strong>S\u00fc\u00dfungsmittel<\/strong>\u00a0und\u00a0<strong>1 Prise Salz<\/strong>\u00a0ca. 30 Sekunden mixen. Anschlie\u00dfend durch einen Nussmilchbeutel pressen \u2013 melken. Fertig.<\/p>\n<p>Die Beutel bekommt man im Internet und sie eignen sich z.B. auch zum\u00a0Sprossen\u00a0ziehen, um <a href=\"https:\/\/annas-blattgold.com\/cashew-kase-grundrezept-mit-fermentierter-option-cashew-cheese-basic-recipe-with-fermented-option\/\" target=\"_blank\" rel=\"noopener noreferrer\" data-content=\"https:\/\/www.annas-blattgold.com\/#!Grundrezept-CashewK%C3%A4se-mit-fermentierter-Option\/c1k7g\/575e89090cf2c6c572629cec\" data-type=\"external\">Cashewk\u00e4se<\/a>\u00a0zu fermentieren oder um\u00a0<a href=\"https:\/\/annas-blattgold.com\/de\/wasserkefir\/\" target=\"_blank\" rel=\"noopener noreferrer\" data-content=\"https:\/\/www.annas-blattgold.com\/#!Wasserkefir\/c1k7g\/574c6e470cf22d4faddbb48d\" data-type=\"external\">Wasserkefir<\/a>\u00a0zu filtern. Die Anschaffung lohnt sich also.<br \/>\nEs ist wichtig, dass die Samen und N\u00fcsse roh, bio und komplett unbehandelt sind.<\/p>\n<p>Aufbauend auf das Grundrezept kann man die verschiedenen Milchsorten je nach Lust und Laune noch weiter verfeinern, z.B. mit Gew\u00fcrzen.<br \/>\nAn meinem\u00a0<a href=\"https:\/\/annas-blattgold.com\/de\/hafermilch-ganz-einfach-selbstgemacht-simple-homemade-oatmilk\/\" target=\"_blank\" rel=\"noopener noreferrer\" data-content=\"https:\/\/www.annas-blattgold.com\/#!Hafermilch\/c1k7g\/573edefd0cf22b22de67d2ae\" data-type=\"external\">Hafermilchrezept<\/a>\u00a0habe ich eine ganze Weile gebastelt. Doch jetzt kann es sich wirklich sehen lassen! Und auch ein veganes Rezept f\u00fcr meine liebste\u00a0<a href=\"https:\/\/annas-blattgold.com\/de\/erdmandelmilch-tigernut-milk-chufras\/\" target=\"_blank\" rel=\"noopener noreferrer\" data-content=\"https:\/\/www.annas-blattgold.com\/#!Erdmandelmilch\/c1k7g\/5793357b0cf2779eabf4cf0a\" data-type=\"external\">Erdmandelmilch<\/a>\u00a0und das Allround-Talent\u00a0<a href=\"https:\/\/annas-blattgold.com\/de\/cashew-milch-und-cashew-sahne-cashew-milk-and-cashew-cream\/\" target=\"_blank\" rel=\"noopener noreferrer\" data-content=\"https:\/\/www.annas-blattgold.com\/#!CashewMilch-und-CashewSahne\/c1k7g\/5762fd110cf29542aa2aa443\" data-type=\"external\">Cashewmilch<\/a>\u00a0findet Ihr im Blog.<br \/>\nFrohes Melken![\/vc_column_text][\/vc_column][vc_column width=&#8220;1\/2&#8243; el_class=&#8220;welcome-section about-section&#8220;][vc_single_image image=&#8220;115&#8243; img_size=&#8220;full&#8220; alignment=&#8220;center&#8220;][\/vc_column][\/vc_row]<\/p>","protected":false},"excerpt":{"rendered":"<p>[vc_row full_width=&#8220;stretch_row&#8220; el_class=&#8220;page_genral_bnr&#8220; css=&#8220;.vc_custom_1517470179027{margin-bottom: 70px !important;background-image: url(https:\/\/annas-blattgold.com\/wp-content\/uploads\/2017\/12\/ftr_bg_new.jpg?id=765) !important;background-position: center !important;background-repeat: no-repeat !important;background-size: cover !important;}&#8220;][vc_column][vc_row_inner][vc_column_inner][vc_custom_heading text=&#8220;Grundlagen&#8220; font_container=&#8220;tag:h1|font_size:60px|text_align:center|color:%23ffffff&#8220; use_theme_fonts=&#8220;yes&#8220; el_class=&#8220;page-title&#8220;][\/vc_column_inner][\/vc_row_inner][vc_row_inner el_class=&#8220; banner-link&#8220; css=&#8220;.vc_custom_1517470204385{margin-top: 15px !important;margin-bottom: 20px !important;}&#8220;][vc_column_inner width=&#8220;1\/4&#8243;][vc_column_text css=&#8220;.vc_custom_1517470214499{margin-bottom: 0px !important;}&#8220;] Zutaten [\/vc_column_text][\/vc_column_inner][vc_column_inner width=&#8220;1\/4&#8243;][vc_column_text css=&#8220;.vc_custom_1517470245729{margin-bottom: 0px !important;}&#8220;] Gut versorgt?! [\/vc_column_text][\/vc_column_inner][vc_column_inner width=&#8220;1\/4&#8243;][vc_column_text css=&#8220;.vc_custom_1517470254701{margin-bottom: 0px !important;}&#8220;] Methoden [\/vc_column_text][\/vc_column_inner][vc_column_inner width=&#8220;1\/4&#8243;][vc_column_text css=&#8220;.vc_custom_1517470263183{margin-bottom: 0px !important;}&#8220;] Ger\u00e4te [\/vc_column_text][\/vc_column_inner][\/vc_row_inner][\/vc_column][\/vc_row][vc_row css=&#8220;.vc_custom_1517470186708{margin-top: 0px !important;margin-bottom: 0px !important;background-color: &hellip; <a href=\"https:\/\/annas-blattgold.com\/de\/vegan-basics\/methods\/\" class=\"more-link\">Continue reading<span class=\"screen-reader-text\"> &#8222;Methoden&#8220;<\/span><\/a><\/p>\n","protected":false},"author":1,"featured_media":0,"parent":8,"menu_order":0,"comment_status":"open","ping_status":"closed","template":"","meta":[],"_links":{"self":[{"href":"https:\/\/annas-blattgold.com\/de\/wp-json\/wp\/v2\/pages\/110"}],"collection":[{"href":"https:\/\/annas-blattgold.com\/de\/wp-json\/wp\/v2\/pages"}],"about":[{"href":"https:\/\/annas-blattgold.com\/de\/wp-json\/wp\/v2\/types\/page"}],"author":[{"embeddable":true,"href":"https:\/\/annas-blattgold.com\/de\/wp-json\/wp\/v2\/users\/1"}],"replies":[{"embeddable":true,"href":"https:\/\/annas-blattgold.com\/de\/wp-json\/wp\/v2\/comments?post=110"}],"version-history":[{"count":28,"href":"https:\/\/annas-blattgold.com\/de\/wp-json\/wp\/v2\/pages\/110\/revisions"}],"predecessor-version":[{"id":1237,"href":"https:\/\/annas-blattgold.com\/de\/wp-json\/wp\/v2\/pages\/110\/revisions\/1237"}],"up":[{"embeddable":true,"href":"https:\/\/annas-blattgold.com\/de\/wp-json\/wp\/v2\/pages\/8"}],"wp:attachment":[{"href":"https:\/\/annas-blattgold.com\/de\/wp-json\/wp\/v2\/media?parent=110"}],"curies":[{"name":"wp","href":"https:\/\/api.w.org\/{rel}","templated":true}]}}